{"id":11,"date":"2007-12-17T08:41:12","date_gmt":"2007-12-17T07:41:12","guid":{"rendered":"http:\/\/www.atvomsolscheid.de\/wordpress\/?page_id=11"},"modified":"2018-10-15T14:00:54","modified_gmt":"2018-10-15T13:00:54","slug":"impressum","status":"publish","type":"page","link":"https:\/\/www.atvomsolscheid.de\/wordpress\/impressum\/","title":{"rendered":"Impressum &#8211; Kontakt"},"content":{"rendered":"<p> \t<strong>Verantwortlich f\u00fcr den Inhalt (gem\u00e4\u00df \u00a7 6 TDG &amp; \u00a710 Abs. 1 MDStV):<\/strong><br \/>\nDr. Elke Uhlemann<br \/>\nIm Solscheid 12<br \/>\n53567 Buchholz<\/p>\n<p>Tel. 0 26 83 &#8211; 6822<\/p>\n<p><a href=\"mailto:elkeuhlemann@web.de?subject=Airedale%20Terrier%20Anfrage\">elkeuhlemann@web.de<\/a><\/p>\n<p><span style=\"font-weight: bold;\">Fotos:<\/span><br \/>\nDie Verwertung der Fotos, insbesondere deren Verbreitung und Vervielf\u00e4ltigung, ist nur mit ausdr\u00fccklicher Genehmigung der Seitenbetreiberin gestattet.<\/p>\n<p><strong>Zeichnung:<\/strong><br \/>\n<span style=\"font-weight: normal;\">Gene Harris<strong><br \/>\n<\/strong><\/span><\/p>\n<p><strong>Haftungshinweis:<\/strong><br \/>\nTrotz sorgf\u00e4ltiger inhaltlicher Kontrolle wird f\u00fcr die Inhalte externer Links keine Haftung \u00fcbernommen. F\u00fcr den Inhalt der verlinkten Seiten sind ausschlie\u00dflich deren Betreiber verantwortlich.<\/p>\n","protected":false},"excerpt":{"rendered":"<p> \tVerantwortlich f\u00fcr den Inhalt (gem\u00e4\u00df \u00a7 6 TDG &amp; \u00a710 Abs. 1 MDStV): Dr. Elke Uhlemann Im Solscheid 12 53567 Buchholz Tel. 0 26 83 &#8211; 6822 elkeuhlemann@web.de Fotos: Die Verwertung der Fotos, insbesondere deren Verbreitung und Vervielf\u00e4ltigung, ist nur mit ausdr\u00fccklicher Genehmigung der Seitenbetreiberin gestattet. Zeichnung: Gene Harris Haftungshinweis: Trotz sorgf\u00e4ltiger inhaltlicher Kontrolle wird [&hellip;]<\/p>\n","protected":false},"author":3,"featured_media":0,"parent":0,"menu_order":21,"comment_status":"closed","ping_status":"closed","template":"","meta":{"footnotes":""},"class_list":["post-11","page","type-page","status-publish","hentry"],"_links":{"self":[{"href":"https:\/\/www.atvomsolscheid.de\/wordpress\/wp-json\/wp\/v2\/pages\/11","targetHints":{"allow":["GET"]}}],"collection":[{"href":"https:\/\/www.atvomsolscheid.de\/wordpress\/wp-json\/wp\/v2\/pages"}],"about":[{"href":"https:\/\/www.atvomsolscheid.de\/wordpress\/wp-json\/wp\/v2\/types\/page"}],"author":[{"embeddable":true,"href":"https:\/\/www.atvomsolscheid.de\/wordpress\/wp-json\/wp\/v2\/users\/3"}],"replies":[{"embeddable":true,"href":"https:\/\/www.atvomsolscheid.de\/wordpress\/wp-json\/wp\/v2\/comments?post=11"}],"version-history":[{"count":1,"href":"https:\/\/www.atvomsolscheid.de\/wordpress\/wp-json\/wp\/v2\/pages\/11\/revisions"}],"predecessor-version":[{"id":1491,"href":"https:\/\/www.atvomsolscheid.de\/wordpress\/wp-json\/wp\/v2\/pages\/11\/revisions\/1491"}],"wp:attachment":[{"href":"https:\/\/www.atvomsolscheid.de\/wordpress\/wp-json\/wp\/v2\/media?parent=11"}],"curies":[{"name":"wp","href":"https:\/\/api.w.org\/{rel}","templated":true}]}}