{"id":126,"date":"2009-02-10T16:08:27","date_gmt":"2009-02-10T15:08:27","guid":{"rendered":"http:\/\/www.atvomsolscheid.de\/wordpress\/?page_id=126"},"modified":"2018-01-23T19:13:02","modified_gmt":"2018-01-23T18:13:02","slug":"rachel","status":"publish","type":"page","link":"https:\/\/www.atvomsolscheid.de\/wordpress\/zuchthundinnen\/rachel\/","title":{"rendered":"Rachel vom Solscheid"},"content":{"rendered":"<br \/>\n<table style=\"text-align: left; margin-left: auto; margin-right: auto;\" border=\"0\">\n<tbody>\n<tr>\n<td style=\"text-align: center;\"><img loading=\"lazy\" decoding=\"async\" src=\"https:\/\/www.atvomsolscheid.de\/wordpress\/grafiken\/sb_rachel.jpg\" width=\"465\" height=\"324\" \/><\/td>\n<\/tr>\n<\/tbody>\n<\/table>\n<p>&#8222;Rachel&#8220; *15.03.08\u00a0\u00a0 + 20.01.18<\/p>\n<p style=\"text-align: justify;\"><span style=\"font-size: small;\">Der T-und der U-Wurf stamm<span style=\"font-size: small;\">en<\/span> von <a href=\"https:\/\/www.atvomsolscheid.de\/wordpress\/?page_id=126\"><strong>Rachel vom Solscheid<\/strong><\/a> (HDA1\/ZW 78, ED-O\/ZW93, PRA-frei: Stand <span style=\"font-size: small;\">11\/12<\/span>)\u00a0&#8211;\u00a0 Ricchi wurde sie stets von uns genannt.Sie zeigte gute Anlagen in allen Bereichen &#8211; guten Fress- und Beutetrieb und einen unerm\u00fcdlichen Spieltrieb. Au\u00dferdem war sie sehr wachsam und hatte einen ausgepr\u00e4gten Schutztrieb. Mit ihr brauchte man sich im Dunklen nicht zu f\u00fcrchten!\u00a0 Sie hat die Ausbildungskennzeichen BH und IPO3!\u00a0 \u201cEine H\u00fcndin von\u00a0vorz\u00fcglicher Gesamterscheinung\u201d (Zitat: ZZP) konnte auch\u00a0bereits eine\u00a0Anwartschaft f\u00fcr ein Jgd. CAC erringen. Leider starb sie aufgrund eines tragischen Ungl\u00fccksfalles &#8211; viel zu fr\u00fch &#8211;\u00a0 im Januar 2018!<br \/>\n<\/span><\/p>\n<p style=\"text-align: center;\"><img loading=\"lazy\" decoding=\"async\" title=\"Zuchth\u00fcndin Rachel vom Solscheid\" src=\"https:\/\/www.atvomsolscheid.de\/wordpress\/grafiken\/rachel.jpg\" width=\"400\" height=\"300\" border=\"1\" \/><\/p>\n<p style=\"text-align: center;\"><img loading=\"lazy\" decoding=\"async\" title=\"Zuchth\u00fcndin Rachel vom Solscheid\" src=\"https:\/\/www.atvomsolscheid.de\/wordpress\/grafiken\/rachel2.jpg\" width=\"400\" height=\"300\" border=\"1\" \/><\/p>\n<p style=\"text-align: center;\"><img loading=\"lazy\" decoding=\"async\" title=\"Zuchth\u00fcndin Rachel vom Solscheid\" src=\"https:\/\/www.atvomsolscheid.de\/wordpress\/grafiken\/rachel3.jpg\" width=\"400\" height=\"266\" border=\"1\" \/><\/p>\n","protected":false},"excerpt":{"rendered":"<p> \t&#8222;Rachel&#8220; *15.03.08\u00a0\u00a0 + 20.01.18 Der T-und der U-Wurf stammen von Rachel vom Solscheid (HDA1\/ZW 78, ED-O\/ZW93, PRA-frei: Stand 11\/12)\u00a0&#8211;\u00a0 Ricchi wurde sie stets von uns genannt.Sie zeigte gute Anlagen in allen Bereichen &#8211; guten Fress- und Beutetrieb und einen unerm\u00fcdlichen Spieltrieb. Au\u00dferdem war sie sehr wachsam und hatte einen ausgepr\u00e4gten Schutztrieb. Mit ihr brauchte man [&hellip;]<\/p>\n","protected":false},"author":1,"featured_media":0,"parent":9,"menu_order":20,"comment_status":"closed","ping_status":"closed","template":"","meta":{"footnotes":""},"class_list":["post-126","page","type-page","status-publish","hentry"],"_links":{"self":[{"href":"https:\/\/www.atvomsolscheid.de\/wordpress\/wp-json\/wp\/v2\/pages\/126","targetHints":{"allow":["GET"]}}],"collection":[{"href":"https:\/\/www.atvomsolscheid.de\/wordpress\/wp-json\/wp\/v2\/pages"}],"about":[{"href":"https:\/\/www.atvomsolscheid.de\/wordpress\/wp-json\/wp\/v2\/types\/page"}],"author":[{"embeddable":true,"href":"https:\/\/www.atvomsolscheid.de\/wordpress\/wp-json\/wp\/v2\/users\/1"}],"replies":[{"embeddable":true,"href":"https:\/\/www.atvomsolscheid.de\/wordpress\/wp-json\/wp\/v2\/comments?post=126"}],"version-history":[{"count":2,"href":"https:\/\/www.atvomsolscheid.de\/wordpress\/wp-json\/wp\/v2\/pages\/126\/revisions"}],"predecessor-version":[{"id":1209,"href":"https:\/\/www.atvomsolscheid.de\/wordpress\/wp-json\/wp\/v2\/pages\/126\/revisions\/1209"}],"up":[{"embeddable":true,"href":"https:\/\/www.atvomsolscheid.de\/wordpress\/wp-json\/wp\/v2\/pages\/9"}],"wp:attachment":[{"href":"https:\/\/www.atvomsolscheid.de\/wordpress\/wp-json\/wp\/v2\/media?parent=126"}],"curies":[{"name":"wp","href":"https:\/\/api.w.org\/{rel}","templated":true}]}}