{"id":127,"date":"2009-02-10T16:31:15","date_gmt":"2009-02-10T15:31:15","guid":{"rendered":"http:\/\/www.atvomsolscheid.de\/wordpress\/?page_id=127"},"modified":"2019-11-15T12:49:15","modified_gmt":"2019-11-15T11:49:15","slug":"links","status":"publish","type":"page","link":"https:\/\/www.atvomsolscheid.de\/wordpress\/links\/","title":{"rendered":"Links"},"content":{"rendered":"<p> \t<strong>diverse Links:<\/strong><br \/>\n<a href=\"https:\/\/www.airedale-terrier-vom-ith.de\" target=\"_blank\" rel=\"noopener noreferrer\">Homepage von Rozita\u00a0 (Zwinger vom Ith)<\/a><br \/>\n<a href=\"https:\/\/www.airedales-aus-dem-siebengebirge.de\/\" target=\"_blank\" rel=\"noopener noreferrer\">Homepage von Red Sheila\u00a0 (Zwinger aus dem Siebengebirge)<\/a><br \/>\n<a href=\"https:\/\/www.airedales-vom-weisen-waechter.de\" target=\"_blank\" rel=\"noopener noreferrer\">Homepage von Wigdis (Airedales \u201eVom weisen W\u00e4chter\u201c)<\/a><\/p>\n<p><strong>Klubs, Vereine und Verb\u00e4nde:<\/strong><br \/>\n<a title=\"Verband f\u00fcr das Deutsche Hundewesen\" href=\"https:\/\/www.vdh.de\" target=\"_blank\" rel=\"noopener noreferrer\">Verband f\u00fcr das Deutsche Hundewesen<\/a><br \/>\n<a title=\"Bonner Polizeihundverein DVG MV Bonn Mitte\" href=\"https:\/\/www.hundeverein-bonn.de\" target=\"_blank\" rel=\"noopener noreferrer\">Bonner Polizeihundverein DVG MV Bonn Mitte<\/a><br \/>\n<a title=\"Klub f\u00fcr Terrier e.V.\" href=\"https:\/\/www.kft-online.de\/\" target=\"_blank\" rel=\"noopener noreferrer\">Klub f\u00fcr Terrier e.V.<\/a><br \/>\n<a title=\"Airedale-Terrier-Z\u00fcchter im Klub f\u00fcr Terrier e.V.\" href=\"https:\/\/airedale-kft.de\" target=\"_blank\" rel=\"noopener noreferrer\">Airedale-Terrier-Z\u00fcchter im Klub f\u00fcr Terrier e.V.<\/a><\/p>\n","protected":false},"excerpt":{"rendered":"<p> \tdiverse Links: Homepage von Rozita\u00a0 (Zwinger vom Ith) Homepage von Red Sheila\u00a0 (Zwinger aus dem Siebengebirge) Homepage von Wigdis (Airedales \u201eVom weisen W\u00e4chter\u201c) Klubs, Vereine und Verb\u00e4nde: Verband f\u00fcr das Deutsche Hundewesen Bonner Polizeihundverein DVG MV Bonn Mitte Klub f\u00fcr Terrier e.V. Airedale-Terrier-Z\u00fcchter im Klub f\u00fcr Terrier e.V.<\/p>\n","protected":false},"author":1,"featured_media":0,"parent":0,"menu_order":20,"comment_status":"closed","ping_status":"closed","template":"","meta":{"footnotes":""},"class_list":["post-127","page","type-page","status-publish","hentry"],"_links":{"self":[{"href":"https:\/\/www.atvomsolscheid.de\/wordpress\/wp-json\/wp\/v2\/pages\/127","targetHints":{"allow":["GET"]}}],"collection":[{"href":"https:\/\/www.atvomsolscheid.de\/wordpress\/wp-json\/wp\/v2\/pages"}],"about":[{"href":"https:\/\/www.atvomsolscheid.de\/wordpress\/wp-json\/wp\/v2\/types\/page"}],"author":[{"embeddable":true,"href":"https:\/\/www.atvomsolscheid.de\/wordpress\/wp-json\/wp\/v2\/users\/1"}],"replies":[{"embeddable":true,"href":"https:\/\/www.atvomsolscheid.de\/wordpress\/wp-json\/wp\/v2\/comments?post=127"}],"version-history":[{"count":4,"href":"https:\/\/www.atvomsolscheid.de\/wordpress\/wp-json\/wp\/v2\/pages\/127\/revisions"}],"predecessor-version":[{"id":1689,"href":"https:\/\/www.atvomsolscheid.de\/wordpress\/wp-json\/wp\/v2\/pages\/127\/revisions\/1689"}],"wp:attachment":[{"href":"https:\/\/www.atvomsolscheid.de\/wordpress\/wp-json\/wp\/v2\/media?parent=127"}],"curies":[{"name":"wp","href":"https:\/\/api.w.org\/{rel}","templated":true}]}}