{"id":13,"date":"2007-12-17T08:45:57","date_gmt":"2007-12-17T07:45:57","guid":{"rendered":"http:\/\/www.atvomsolscheid.de\/wordpress\/?page_id=13"},"modified":"2014-10-07T10:01:50","modified_gmt":"2014-10-07T09:01:50","slug":"videos","status":"publish","type":"page","link":"https:\/\/www.atvomsolscheid.de\/wordpress\/videos\/","title":{"rendered":"Videos"},"content":{"rendered":"<p> \t<strong><strong>Skateboard-Tour mit <\/strong>Teodin vom Solscheid auf Texel, September 2014.<\/strong><\/p>\n<p><iframe loading=\"lazy\" src=\"https:\/\/player.vimeo.com\/video\/107990284?title=0&amp;byline=0&amp;portrait=0&amp;color=7C5122\" frameborder=\"0\" height=\"360\" width=\"640\"><\/iframe><\/p>\n<p><strong>Video-Clips vom &#8222;M-Wurf&#8220;, aufgenommen im Januar 2004.<\/strong><\/p>\n<table style=\"vertical-align: top; text-align: left; border-style: none; width: 100%\" class=\"htmtableborders\" frame=\"void\" rules=\"none\" border=\"0\" cellpadding=\"1\" cellspacing=\"1\">\n<tr>\n<td width=\"35%\"><img loading=\"lazy\" decoding=\"async\" src=\"https:\/\/www.atvomsolscheid.de\/wordpress\/grafiken\/video01.jpg\" border=\"1\" height=\"140\" hspace=\"0\" width=\"250\" \/><\/td>\n<td width=\"1%\"><\/td>\n<td style=\"vertical-align: top; text-align: left; border-style: none\" width=\"64%\"><span style=\"font-weight: bold\">Video 01 (Dauer: 1.27 Min.):<\/span><br \/>\n<a href=\"https:\/\/www.atvomsolscheid.de\/videos\/01-low.htm\" target=\"_blank\">Geringe Qualit\u00e4t,  ISDN (ca. 1,1 MB)<\/a><br \/>\n<a href=\"https:\/\/www.atvomsolscheid.de\/videos\/01-high.htm\" target=\"_blank\">Hohe Qualit\u00e4t, DSL (ca. 3,2 MB)<\/a><\/td>\n<\/tr>\n<tr>\n<td><\/td>\n<td><\/td>\n<td><\/td>\n<\/tr>\n<tr>\n<td><img loading=\"lazy\" decoding=\"async\" src=\"https:\/\/www.atvomsolscheid.de\/wordpress\/grafiken\/video02.jpg\" border=\"1\" height=\"140\" hspace=\"0\" width=\"250\" \/><\/td>\n<td><\/td>\n<td style=\"vertical-align: top; text-align: left; border-style: none\"><span style=\"font-weight: bold\">Video 02 (Dauer: 2.07 Min.):<\/span><br \/>\n<a href=\"https:\/\/www.atvomsolscheid.de\/videos\/02-low.htm\" target=\"_blank\">Geringe Qualit\u00e4t, ISDN (ca. 1,6 MB)<\/a><br \/>\n<a href=\"https:\/\/www.atvomsolscheid.de\/videos\/02-high.htm\" target=\"_blank\">Hohe Qualit\u00e4t, DSL (ca. 4,7 MB)<\/a><\/td>\n<\/tr>\n<tr>\n<td><\/td>\n<td><\/td>\n<td><\/td>\n<\/tr>\n<tr>\n<td><img loading=\"lazy\" decoding=\"async\" src=\"https:\/\/www.atvomsolscheid.de\/wordpress\/grafiken\/gvideo03.jpg\" border=\"1\" height=\"140\" hspace=\"0\" width=\"250\" \/><\/td>\n<td><\/td>\n<td style=\"vertical-align: top\"><span style=\"font-weight: bold\">Video 03 (Dauer: 4.17 Min.):<\/span><br \/>\n<a href=\"https:\/\/www.atvomsolscheid.de\/videos\/03-low.htm\" target=\"_blank\">Geringe Qualit\u00e4t, ISDN (ca. 3,4 MB)<\/a><br \/>\n<a href=\"https:\/\/www.atvomsolscheid.de\/videos\/03-high.htm\" target=\"_blank\">Hohe Qualit\u00e4t, DSL (ca. 9,9 MB)<\/a><\/td>\n<\/tr>\n<\/table>\n<p><strong>Stadtmeisterschaft 2005 in Bonn <\/strong><\/p>\n<table style=\"float: none; background-image: none; vertical-align: top; text-align: left; border-style: none; width: 100%\" class=\"htmtableborders\" frame=\"void\" rules=\"none\" border=\"0\" cellpadding=\"1\" cellspacing=\"1\">\n<tr>\n<td width=\"35%\"><img loading=\"lazy\" decoding=\"async\" src=\"https:\/\/www.atvomsolscheid.de\/wordpress\/grafiken\/jule_stadtmeisterschaft.jpg\" border=\"1\" height=\"140\" hspace=\"0\" width=\"250\" \/><\/td>\n<td width=\"1%\"><\/td>\n<td style=\"vertical-align: top\"><span style=\"font-weight: bold\">Jule im Schutzdienst (Dauer: 0.55 Min.):<\/span><br \/>\n<a href=\"https:\/\/www.atvomsolscheid.de\/videos\/jule-low.htm\" target=\"_blank\">Geringe Qualit\u00e4t, ISDN (ca. 0,7 MB)<\/a><br \/>\n<a href=\"https:\/\/www.atvomsolscheid.de\/videos\/jule-high.htm\" target=\"_blank\">Hohe Qualit\u00e4t, DSL (ca. 5,6 MB)<\/a><\/td>\n<\/tr>\n<\/table>\n<p><strong>Max vom Solscheid 2010<\/strong><\/p>\n<table style=\"vertical-align: top; text-align: left; border-style: none; width: 100%\" class=\"htmtableborders\" frame=\"void\" rules=\"none\" border=\"0\" cellpadding=\"1\" cellspacing=\"1\">\n<tr>\n<td width=\"35%\"><img loading=\"lazy\" decoding=\"async\" src=\"https:\/\/www.atvomsolscheid.de\/wordpress\/grafiken\/video4.jpg\" border=\"1\" height=\"140\" hspace=\"0\" width=\"250\" \/><\/td>\n<td width=\"1%\"><\/td>\n<td style=\"vertical-align: top\"><span style=\"font-weight: bold\">Max vom Solscheid 2010 (Dauer: 6.12 Min.):<\/span><br \/>\n<a href=\"https:\/\/www.atvomsolscheid.de\/videos\/Max_vom_Solscheid.avi\" target=\"_blank\">Hohe Qualit\u00e4t, DSL (ca. 83 MB)<\/a><\/td>\n<\/tr>\n<\/table>\n<p><strong>Tag des Hundes 6<\/strong><\/p>\n<table style=\"vertical-align: top; text-align: left; border-style: none; width: 100%\" class=\"htmtableborders\" frame=\"void\" rules=\"none\" border=\"0\" cellpadding=\"1\" cellspacing=\"1\">\n<tr>\n<td width=\"35%\"><img loading=\"lazy\" decoding=\"async\" src=\"https:\/\/www.atvomsolscheid.de\/wordpress\/grafiken\/video_tagdeshundes6.png\" border=\"1\" height=\"140\" hspace=\"0\" width=\"250\" \/><\/td>\n<td width=\"1%\"><\/td>\n<td style=\"vertical-align: top\"><span style=\"font-weight: bold\">Tag des Hundes 6 (Dauer: 8.33 Min.):<\/span><br \/>\n<a href=\"https:\/\/www.youtube.com\/watch?v=BDuWrW7RNgU\" target=\"_blank\">auf YouTube ansehen<\/a><\/td>\n<\/tr>\n<\/table>\n<p>Zur Ansicht der Videos wird der Quicktime-Player von Apple ben\u00f6tigt. Dieser ist in den meisten F\u00e4llen schon vorinstalliert und das Abspielen der Videos funktioniert ohne Probleme. Ansonsten kann der Player bei Bedarf <a href=\"https:\/\/www.apple.com\/de\/quicktime\/download\/\" target=\"_blank\"><strong>hier<\/strong><\/a> kostenfrei und bedenkenlos heruntergeladen werden. Zur Ansicht des Videos aus 2010 ist der XVid-Codec erforderlich. Er kann <a href=\"https:\/\/www.koepi.info\/xvid.html\" target=\"_blank\"><strong>hier<\/strong><\/a> heruntergeladen werden. Alternativ kann dazu auch einfach der <a href=\"https:\/\/www.vlc.de\"><strong>VLC Player<\/strong><\/a> verwendet werden, der alle n\u00f6tigen Codecs bereits enth\u00e4lt.<\/p>\n","protected":false},"excerpt":{"rendered":"<p> \tSkateboard-Tour mit Teodin vom Solscheid auf Texel, September 2014. Video-Clips vom &#8222;M-Wurf&#8220;, aufgenommen im Januar 2004. Video 01 (Dauer: 1.27 Min.): Geringe Qualit\u00e4t, ISDN (ca. 1,1 MB) Hohe Qualit\u00e4t, DSL (ca. 3,2 MB) Video 02 (Dauer: 2.07 Min.): Geringe Qualit\u00e4t, ISDN (ca. 1,6 MB) Hohe Qualit\u00e4t, DSL (ca. 4,7 MB) Video 03 (Dauer: 4.17 Min.): [&hellip;]<\/p>\n","protected":false},"author":3,"featured_media":0,"parent":0,"menu_order":8,"comment_status":"closed","ping_status":"closed","template":"","meta":{"footnotes":""},"class_list":["post-13","page","type-page","status-publish","hentry"],"_links":{"self":[{"href":"https:\/\/www.atvomsolscheid.de\/wordpress\/wp-json\/wp\/v2\/pages\/13","targetHints":{"allow":["GET"]}}],"collection":[{"href":"https:\/\/www.atvomsolscheid.de\/wordpress\/wp-json\/wp\/v2\/pages"}],"about":[{"href":"https:\/\/www.atvomsolscheid.de\/wordpress\/wp-json\/wp\/v2\/types\/page"}],"author":[{"embeddable":true,"href":"https:\/\/www.atvomsolscheid.de\/wordpress\/wp-json\/wp\/v2\/users\/3"}],"replies":[{"embeddable":true,"href":"https:\/\/www.atvomsolscheid.de\/wordpress\/wp-json\/wp\/v2\/comments?post=13"}],"version-history":[{"count":0,"href":"https:\/\/www.atvomsolscheid.de\/wordpress\/wp-json\/wp\/v2\/pages\/13\/revisions"}],"wp:attachment":[{"href":"https:\/\/www.atvomsolscheid.de\/wordpress\/wp-json\/wp\/v2\/media?parent=13"}],"curies":[{"name":"wp","href":"https:\/\/api.w.org\/{rel}","templated":true}]}}