{"id":1409,"date":"2018-10-01T14:26:15","date_gmt":"2018-10-01T13:26:15","guid":{"rendered":"http:\/\/www.atvomsolscheid.de\/wordpress\/?page_id=1409"},"modified":"2021-05-12T13:36:11","modified_gmt":"2021-05-12T12:36:11","slug":"willy","status":"publish","type":"page","link":"https:\/\/www.atvomsolscheid.de\/wordpress\/deckruden\/willy\/","title":{"rendered":"Willy vom Solscheid"},"content":{"rendered":"<p> \t<img loading=\"lazy\" decoding=\"async\" class=\"wp-image-1905 size-full aligncenter\" src=\"https:\/\/www.atvomsolscheid.de\/wordpress\/wp-content\/uploads\/2021\/05\/ahnentafel_willy.png\" alt=\"\" width=\"633\" height=\"325\" srcset=\"https:\/\/www.atvomsolscheid.de\/wordpress\/wp-content\/uploads\/2021\/05\/ahnentafel_willy.png 633w, https:\/\/www.atvomsolscheid.de\/wordpress\/wp-content\/uploads\/2021\/05\/ahnentafel_willy-300x154.png 300w\" sizes=\"auto, (max-width: 633px) 100vw, 633px\" \/><\/p>\n<p><strong>Willy vom Solscheid, * 02.03.2017<\/strong><\/p>\n<p>Willy (Besitzerin Susanna Buse, Pf\u00e4ffikon ZH, Schweiz) ist ein Wirbelwind voll Temperament, der es jedoch wunderbar schafft, seinen ausgepr\u00e4gten Arbeitseifer zu kontrollieren und zu kanalisieren. Er wird im Bereich Gebrauchshundesport ausgebildet. Dabei zeigt er sich f\u00fchrig und hat bei der Wesenspr\u00fcfung, die in der Schweiz zur Erlangung der Zuchtzulassung notwendig ist, seinen Mut und seine Selbstsicherheit deutlich unter Beweis gestellt \u2013 dennoch stets freundlich zu Menschen. So soll es sein. Mit knapp 22 Monaten absolvierte er bereits mit sehr gutem Ergebnis die BH 1 Pr\u00fcfung.<\/p>\n<p>Bei der Clubschau des schweizerischen Airedale Terrier Clubs wurde Willy Clubjugendsieger 2018 und zeigte somit auch seine Qualit\u00e4t bzgl. seines Erscheinungsbildes. Er hat ein hartes, drahtiges Haar von intensiver Farbe und zeichnet sich durch eine starke Bemuskelung aus \u2013 seine Widerristh\u00f6he betr\u00e4gt 60 cm.<\/p>\n<p>Willy hat eine A1 H\u00fcfte mit einem HD Zuchtwert von 86 und ist ED-0 mit einem ED Zuchtwert von 97. Sieben weitere Wurfgeschwister wurden ger\u00f6ntgt, alle ebenfalls HD frei , ED 0 bzw. einer einseitig ED Grenzfall. Der LS \u2013 \u00dcGW ist Typ0 \u2013 d.h. der lumbosakrale \u00dcbergangswinkel hat normale anatomische Verh\u00e4ltnisse. Ein vorsorglich angefertigtes gro\u00dfes Blutbild zeigt alle Werte im Normbereich, was auf ein korrektes Arbeiten aller Organe schlie\u00dfen l\u00e4\u00dft. Der R\u00fcde ist vollzahnig mit korrektem Scherengebiss (auch Welpengebiss) und frei von allen genetischen Augenerkrankungen.<\/p>\n<p><strong>Downloads:<\/strong><\/p>\n<ul>\n<li><a href=\"https:\/\/www.atvomsolscheid.de\/wordpress\/wp-content\/uploads\/2018\/10\/PHOTO-2018-09-23-10-51-50.jpg\" target=\"_blank\" rel=\"noopener noreferrer\">SATC Wesensverfassung<\/a><\/li>\n<li><a href=\"https:\/\/www.atvomsolscheid.de\/wordpress\/wp-content\/uploads\/2018\/10\/PHOTO-2018-09-23-10-52-20.jpg\" target=\"_blank\" rel=\"noopener noreferrer\">SATC K\u00f6rblatt<\/a><\/li>\n<li><a href=\"https:\/\/www.atvomsolscheid.de\/wordpress\/wp-content\/uploads\/2018\/10\/Willy_Koerblatt_2.jpg\" target=\"_blank\" rel=\"noopener noreferrer\">SATC K\u00f6rblatt 2<\/a><\/li>\n<\/ul>\n<p><strong>Fotos:<\/strong><\/p>\n<p><img loading=\"lazy\" decoding=\"async\" class=\"aligncenter wp-image-1411\" src=\"https:\/\/www.atvomsolscheid.de\/wordpress\/wp-content\/uploads\/2018\/10\/PHOTO-2018-07-01-17-09-17-1024x682.jpg\" alt=\"Willy vom Solscheid\" width=\"633\" height=\"422\" srcset=\"https:\/\/www.atvomsolscheid.de\/wordpress\/wp-content\/uploads\/2018\/10\/PHOTO-2018-07-01-17-09-17-1024x682.jpg 1024w, https:\/\/www.atvomsolscheid.de\/wordpress\/wp-content\/uploads\/2018\/10\/PHOTO-2018-07-01-17-09-17-300x200.jpg 300w, https:\/\/www.atvomsolscheid.de\/wordpress\/wp-content\/uploads\/2018\/10\/PHOTO-2018-07-01-17-09-17-768x512.jpg 768w, https:\/\/www.atvomsolscheid.de\/wordpress\/wp-content\/uploads\/2018\/10\/PHOTO-2018-07-01-17-09-17.jpg 1600w\" sizes=\"auto, (max-width: 633px) 100vw, 633px\" \/> <img loading=\"lazy\" decoding=\"async\" class=\"aligncenter wp-image-1450\" src=\"https:\/\/www.atvomsolscheid.de\/wordpress\/wp-content\/uploads\/2018\/10\/Willy_02-683x1024.jpg\" alt=\"\" width=\"633\" height=\"949\" srcset=\"https:\/\/www.atvomsolscheid.de\/wordpress\/wp-content\/uploads\/2018\/10\/Willy_02.jpg 683w, https:\/\/www.atvomsolscheid.de\/wordpress\/wp-content\/uploads\/2018\/10\/Willy_02-200x300.jpg 200w\" sizes=\"auto, (max-width: 633px) 100vw, 633px\" \/> <img loading=\"lazy\" decoding=\"async\" class=\"aligncenter wp-image-1451\" src=\"https:\/\/www.atvomsolscheid.de\/wordpress\/wp-content\/uploads\/2018\/10\/Willy_03-1024x682.jpg\" alt=\"\" width=\"633\" height=\"422\" srcset=\"https:\/\/www.atvomsolscheid.de\/wordpress\/wp-content\/uploads\/2018\/10\/Willy_03-1024x682.jpg 1024w, https:\/\/www.atvomsolscheid.de\/wordpress\/wp-content\/uploads\/2018\/10\/Willy_03-300x200.jpg 300w, https:\/\/www.atvomsolscheid.de\/wordpress\/wp-content\/uploads\/2018\/10\/Willy_03-768x512.jpg 768w, https:\/\/www.atvomsolscheid.de\/wordpress\/wp-content\/uploads\/2018\/10\/Willy_03.jpg 1600w\" sizes=\"auto, (max-width: 633px) 100vw, 633px\" \/><\/p>\n","protected":false},"excerpt":{"rendered":"<p> \tWilly vom Solscheid, * 02.03.2017 Willy (Besitzerin Susanna Buse, Pf\u00e4ffikon ZH, Schweiz) ist ein Wirbelwind voll Temperament, der es jedoch wunderbar schafft, seinen ausgepr\u00e4gten Arbeitseifer zu kontrollieren und zu kanalisieren. Er wird im Bereich Gebrauchshundesport ausgebildet. Dabei zeigt er sich f\u00fchrig und hat bei der Wesenspr\u00fcfung, die in der Schweiz zur Erlangung der Zuchtzulassung notwendig [&hellip;]<\/p>\n","protected":false},"author":1,"featured_media":0,"parent":21,"menu_order":11,"comment_status":"closed","ping_status":"closed","template":"","meta":{"footnotes":""},"class_list":["post-1409","page","type-page","status-publish","hentry"],"_links":{"self":[{"href":"https:\/\/www.atvomsolscheid.de\/wordpress\/wp-json\/wp\/v2\/pages\/1409","targetHints":{"allow":["GET"]}}],"collection":[{"href":"https:\/\/www.atvomsolscheid.de\/wordpress\/wp-json\/wp\/v2\/pages"}],"about":[{"href":"https:\/\/www.atvomsolscheid.de\/wordpress\/wp-json\/wp\/v2\/types\/page"}],"author":[{"embeddable":true,"href":"https:\/\/www.atvomsolscheid.de\/wordpress\/wp-json\/wp\/v2\/users\/1"}],"replies":[{"embeddable":true,"href":"https:\/\/www.atvomsolscheid.de\/wordpress\/wp-json\/wp\/v2\/comments?post=1409"}],"version-history":[{"count":19,"href":"https:\/\/www.atvomsolscheid.de\/wordpress\/wp-json\/wp\/v2\/pages\/1409\/revisions"}],"predecessor-version":[{"id":1906,"href":"https:\/\/www.atvomsolscheid.de\/wordpress\/wp-json\/wp\/v2\/pages\/1409\/revisions\/1906"}],"up":[{"embeddable":true,"href":"https:\/\/www.atvomsolscheid.de\/wordpress\/wp-json\/wp\/v2\/pages\/21"}],"wp:attachment":[{"href":"https:\/\/www.atvomsolscheid.de\/wordpress\/wp-json\/wp\/v2\/media?parent=1409"}],"curies":[{"name":"wp","href":"https:\/\/api.w.org\/{rel}","templated":true}]}}