{"id":17,"date":"2007-12-17T08:54:08","date_gmt":"2007-12-17T07:54:08","guid":{"rendered":"http:\/\/www.atvomsolscheid.de\/wordpress\/?page_id=17"},"modified":"2026-02-01T09:38:37","modified_gmt":"2026-02-01T08:38:37","slug":"wurfplanung","status":"publish","type":"page","link":"https:\/\/www.atvomsolscheid.de\/wordpress\/wurfplanung\/","title":{"rendered":"Welpen"},"content":{"rendered":"<p> \t&nbsp;<\/p>\n<p><img decoding=\"async\" src=\"https:\/\/www.atvomsolscheid.de\/wordpress\/wp-content\/uploads\/2014\/03\/titelbild-welpen.jpg\" alt=\"Welpen V-Wurf\" border=\"1\" \/><\/p>\n<p>Wir haben keine Welpen und planen auch keine weiteren W\u00fcrfe!<\/p>\n<p>&nbsp;<\/p>\n<p>Unsere Welpen wurden im Haus geboren, mit ca. 4 \/ 5\u00a0 Wochen (je nach Wetterlage) wurden sie umquartiert und konnten ihre n\u00e4chsten Entwicklungsschritte drau\u00dfen in einem temperierten Raum mit freiem Zugang zu einer \u00fcberdachten\u00a0 Fl\u00e4che und weiter unter einem Walnussbaum verbringen.<\/p>\n<p>Dadurch gestaltete sich die Erziehung zur Stubenreinheit erfahrungsgem\u00e4\u00df sehr einfach, da die Welpen ihre unmittelbare Umgebung schon fr\u00fchzeitig sauber halten wollen und auch konnten.<\/p>\n<p>Die Ern\u00e4hrung der Welpen gestaltete sich derart, dass sie Alles kennenlernten. Rohes Fleisch mit rohem Gem\u00fcse, Trockenfutter und Milchprodukte. So wurden sie auf alle F\u00fctterungsarten gepr\u00e4gt.<\/p>\n<p>&nbsp;<\/p>\n<p>&nbsp;<\/p>\n<p>&nbsp;<\/p>\n<p>&nbsp;<\/p>\n<p>&nbsp;<\/p>\n<p>&nbsp;<\/p>\n","protected":false},"excerpt":{"rendered":"<p> \t&nbsp; Wir haben keine Welpen und planen auch keine weiteren W\u00fcrfe! &nbsp; Unsere Welpen wurden im Haus geboren, mit ca. 4 \/ 5\u00a0 Wochen (je nach Wetterlage) wurden sie umquartiert und konnten ihre n\u00e4chsten Entwicklungsschritte drau\u00dfen in einem temperierten Raum mit freiem Zugang zu einer \u00fcberdachten\u00a0 Fl\u00e4che und weiter unter einem Walnussbaum verbringen. Dadurch gestaltete [&hellip;]<\/p>\n","protected":false},"author":3,"featured_media":0,"parent":0,"menu_order":4,"comment_status":"open","ping_status":"closed","template":"","meta":{"footnotes":""},"class_list":["post-17","page","type-page","status-publish","hentry"],"_links":{"self":[{"href":"https:\/\/www.atvomsolscheid.de\/wordpress\/wp-json\/wp\/v2\/pages\/17","targetHints":{"allow":["GET"]}}],"collection":[{"href":"https:\/\/www.atvomsolscheid.de\/wordpress\/wp-json\/wp\/v2\/pages"}],"about":[{"href":"https:\/\/www.atvomsolscheid.de\/wordpress\/wp-json\/wp\/v2\/types\/page"}],"author":[{"embeddable":true,"href":"https:\/\/www.atvomsolscheid.de\/wordpress\/wp-json\/wp\/v2\/users\/3"}],"replies":[{"embeddable":true,"href":"https:\/\/www.atvomsolscheid.de\/wordpress\/wp-json\/wp\/v2\/comments?post=17"}],"version-history":[{"count":38,"href":"https:\/\/www.atvomsolscheid.de\/wordpress\/wp-json\/wp\/v2\/pages\/17\/revisions"}],"predecessor-version":[{"id":2762,"href":"https:\/\/www.atvomsolscheid.de\/wordpress\/wp-json\/wp\/v2\/pages\/17\/revisions\/2762"}],"wp:attachment":[{"href":"https:\/\/www.atvomsolscheid.de\/wordpress\/wp-json\/wp\/v2\/media?parent=17"}],"curies":[{"name":"wp","href":"https:\/\/api.w.org\/{rel}","templated":true}]}}