{"id":1747,"date":"2020-03-28T20:24:25","date_gmt":"2020-03-28T19:24:25","guid":{"rendered":"http:\/\/www.atvomsolscheid.de\/wordpress\/?page_id=1747"},"modified":"2023-05-03T16:27:33","modified_gmt":"2023-05-03T14:27:33","slug":"frau-holle-of-kings-aire","status":"publish","type":"page","link":"https:\/\/www.atvomsolscheid.de\/wordpress\/zuchthundinnen\/frau-holle-of-kings-aire\/","title":{"rendered":"Frau Holle of King&#8217;s Aire"},"content":{"rendered":"<p> \t<img loading=\"lazy\" decoding=\"async\" class=\"wp-image-2274 size-full aligncenter\" src=\"https:\/\/www.atvomsolscheid.de\/wordpress\/wp-content\/uploads\/2022\/12\/ahnentafel_holly.png\" alt=\"\" width=\"633\" height=\"325\" srcset=\"https:\/\/www.atvomsolscheid.de\/wordpress\/wp-content\/uploads\/2022\/12\/ahnentafel_holly.png 633w, https:\/\/www.atvomsolscheid.de\/wordpress\/wp-content\/uploads\/2022\/12\/ahnentafel_holly-300x154.png 300w\" sizes=\"auto, (max-width: 633px) 100vw, 633px\" \/><\/p>\n<p><strong>Frau Holle of King&#8217;s Aire, geb. 18.12.2018<\/strong><\/p>\n<p>Der X und der Y &#8211; Wurf stammen von<strong> Holly<\/strong> (HDA1; ED-0) \u2013 Nachdem wir nach den pl\u00f6tzlichen Todesf\u00e4llen unserer beiden H\u00fcndinnen Queen \u2013 Lilly Dez.2017\u00a0 und Ricchi Jan. 2018 ein Jahr lang keinen Hund im Haus hatten \u2013 lediglich gelegentlich Toffee , damit wir nicht \u201ehundevereinsamen\u201c \u2013 entschied ich mich aus dem geplanten F-Wurf aus der Zucht \u201eof King&#8217;s Aire\u201c eine kleine H\u00fcndin zu uns zu nehmen. <strong>Frau Holle of King&#8217;s Aire <\/strong>ist im Februar 2019 bei uns eingezogen und ich habe es noch keine Sekunde bereut.\u00a0<strong>Holly<\/strong>, wie sie genannt wird, ist eine Energieb\u00fcndel durch und durch mit sehr guten Veranlagungen f\u00fcr alle Bereiche des Gebrauchshundesports \u2013 sehr f\u00fchrig und arbeitswillig, hart im Nehmen, dazu ein stark ausgepr\u00e4gter Beutetrieb. Durch ihren gro\u00dfen Bewegungsdrang eignet sie sich auch gut f\u00fcr den Zughundesport. Mit ihr habe ich das dogskootern begonnen, was allen Beteiligten viel Freude macht. Parallel dazu zeigt sie im h\u00e4uslichen Bereich alle Eigenschaften, die von einem Familienhund erwartet werden. Meine drei Enkelkinder lieben sie. Mit Lena (12 Jahre) ist sie im Turnierhundesport unterwegs. Wie man sieht, ein Allrounder durch und durch!\u00a0 Holly hat eine A1 H\u00fcfte und ED 0 \u2013 der aktuelle HD Zuchtwert betr\u00e4gt 85, der ED Zuchtwert 93 \u2013 ist frei von allen genetischen Augenerkrankungen &#8211;\u00a0 die H\u00fcndin ist vollzahnig bei korrektem Scherengebiss (dies auch schon im Welpengebiss) und erreichte bei\u00a0 Ausstellungen in der Jugendklasse ein V1 und erlangte eine Anwartschaft f\u00fcr das Jgd CAC, in der Zwischenklasse ein V2 und das Res CAC! Bei der Zuchtzulassungspr\u00fcfung zeigte sich sich freundlich mit Mensch und Tier, unbeeindruckt bei akustischen Reizen und hatte insgesamt ein sicheres Auftreten! Mit 58 cm hat sie eine perfekte Gr\u00f6\u00dfe! Ihren ersten Wurf zog sie instinksicher auf und war ihren Welpen eine sehr gute Mutter!\u00a0 Somit ist sie eine vielversprechende Nachwuchsh\u00fcndin in allen Bereichen, f\u00fcr die ich mich bei der Z\u00fcchterin Barbara Tebbe herzlich bedanke \u2013 es war eine gute Entscheidung von dort einen Welpen in den Solscheid zu holen! Mit 20 Monaten absolvierte sie die Begleithundepr\u00fcfung mit vorz\u00fcglichem Ergebnis in der Unterordnung. Die IGP1 Pr\u00fcfung wurde mit 28 Monaten &#8211; coronabedingt &#8211; auf fremder Platzanlage gemacht &#8211; das vorz\u00fcgliche\u00a0 Gesamtergebnis der noch jungen H\u00fcndin hat dadurch ein noch h\u00f6heres Gewicht! Die IGP2 Pr\u00fcfung wurde mit knapp 3 Jahren mit einem sehr guten Gesamtergebnis abgelegt &#8211; ihre ersten Welpen waren gerade erst 4 Monate alt! Bis heute legte sie drei IGP3 Pr\u00fcfungen mit vorz\u00fcglichen bzw. sehr guten Gesamtergebnissen ab ! Die FH1 Pr\u00fcfung wurde mit einem vorz\u00fcglichen Ergebnis mit knapp 4 Jahren abgelegt!<\/p>\n<p><strong><a href=\"https:\/\/www.atvomsolscheid.de\/wordpress\/wp-content\/uploads\/2020\/11\/Zuchtzulassung-Holly.jpg\" target=\"_blank\" rel=\"noopener noreferrer\">\u2192 Download Protokoll zur Zuchtzulassung<\/a><\/strong><\/p>\n<p><strong>Fotos:<\/strong><\/p>\n<p><img loading=\"lazy\" decoding=\"async\" class=\"aligncenter wp-image-1749\" src=\"https:\/\/www.atvomsolscheid.de\/wordpress\/wp-content\/uploads\/2020\/03\/holly_01.jpg\" alt=\"\" width=\"633\" height=\"948\" srcset=\"https:\/\/www.atvomsolscheid.de\/wordpress\/wp-content\/uploads\/2020\/03\/holly_01.jpg 641w, https:\/\/www.atvomsolscheid.de\/wordpress\/wp-content\/uploads\/2020\/03\/holly_01-200x300.jpg 200w\" sizes=\"auto, (max-width: 633px) 100vw, 633px\" \/> <img loading=\"lazy\" decoding=\"async\" class=\"aligncenter wp-image-1750\" src=\"https:\/\/www.atvomsolscheid.de\/wordpress\/wp-content\/uploads\/2020\/03\/holly_02.jpg\" alt=\"\" width=\"634\" height=\"423\" srcset=\"https:\/\/www.atvomsolscheid.de\/wordpress\/wp-content\/uploads\/2020\/03\/holly_02.jpg 960w, https:\/\/www.atvomsolscheid.de\/wordpress\/wp-content\/uploads\/2020\/03\/holly_02-300x200.jpg 300w, https:\/\/www.atvomsolscheid.de\/wordpress\/wp-content\/uploads\/2020\/03\/holly_02-768x513.jpg 768w\" sizes=\"auto, (max-width: 634px) 100vw, 634px\" \/><\/p>\n<p><strong>Videos:<\/strong><\/p>\n<div style=\"width: 848px;\" class=\"wp-video\"><video class=\"wp-video-shortcode\" id=\"video-1747-1\" width=\"848\" height=\"480\" preload=\"metadata\" controls=\"controls\"><source type=\"video\/mp4\" src=\"https:\/\/www.atvomsolscheid.de\/wordpress\/wp-content\/uploads\/2020\/11\/Holly-2020-02.mp4?_=1\" \/><a href=\"https:\/\/www.atvomsolscheid.de\/wordpress\/wp-content\/uploads\/2020\/11\/Holly-2020-02.mp4\">https:\/\/www.atvomsolscheid.de\/wordpress\/wp-content\/uploads\/2020\/11\/Holly-2020-02.mp4<\/a><\/video><\/div>\n<div style=\"width: 848px;\" class=\"wp-video\"><video class=\"wp-video-shortcode\" id=\"video-1747-2\" width=\"848\" height=\"480\" preload=\"metadata\" controls=\"controls\"><source type=\"video\/mp4\" src=\"https:\/\/www.atvomsolscheid.de\/wordpress\/wp-content\/uploads\/2020\/11\/Holly-2020-01.mp4?_=2\" \/><a href=\"https:\/\/www.atvomsolscheid.de\/wordpress\/wp-content\/uploads\/2020\/11\/Holly-2020-01.mp4\">https:\/\/www.atvomsolscheid.de\/wordpress\/wp-content\/uploads\/2020\/11\/Holly-2020-01.mp4<\/a><\/video><\/div>\n","protected":false},"excerpt":{"rendered":"<p> \tFrau Holle of King&#8217;s Aire, geb. 18.12.2018 Der X und der Y &#8211; Wurf stammen von Holly (HDA1; ED-0) \u2013 Nachdem wir nach den pl\u00f6tzlichen Todesf\u00e4llen unserer beiden H\u00fcndinnen Queen \u2013 Lilly Dez.2017\u00a0 und Ricchi Jan. 2018 ein Jahr lang keinen Hund im Haus hatten \u2013 lediglich gelegentlich Toffee , damit wir nicht \u201ehundevereinsamen\u201c \u2013 [&hellip;]<\/p>\n","protected":false},"author":1,"featured_media":0,"parent":9,"menu_order":50,"comment_status":"closed","ping_status":"closed","template":"","meta":{"footnotes":""},"class_list":["post-1747","page","type-page","status-publish","hentry"],"_links":{"self":[{"href":"https:\/\/www.atvomsolscheid.de\/wordpress\/wp-json\/wp\/v2\/pages\/1747","targetHints":{"allow":["GET"]}}],"collection":[{"href":"https:\/\/www.atvomsolscheid.de\/wordpress\/wp-json\/wp\/v2\/pages"}],"about":[{"href":"https:\/\/www.atvomsolscheid.de\/wordpress\/wp-json\/wp\/v2\/types\/page"}],"author":[{"embeddable":true,"href":"https:\/\/www.atvomsolscheid.de\/wordpress\/wp-json\/wp\/v2\/users\/1"}],"replies":[{"embeddable":true,"href":"https:\/\/www.atvomsolscheid.de\/wordpress\/wp-json\/wp\/v2\/comments?post=1747"}],"version-history":[{"count":31,"href":"https:\/\/www.atvomsolscheid.de\/wordpress\/wp-json\/wp\/v2\/pages\/1747\/revisions"}],"predecessor-version":[{"id":2381,"href":"https:\/\/www.atvomsolscheid.de\/wordpress\/wp-json\/wp\/v2\/pages\/1747\/revisions\/2381"}],"up":[{"embeddable":true,"href":"https:\/\/www.atvomsolscheid.de\/wordpress\/wp-json\/wp\/v2\/pages\/9"}],"wp:attachment":[{"href":"https:\/\/www.atvomsolscheid.de\/wordpress\/wp-json\/wp\/v2\/media?parent=1747"}],"curies":[{"name":"wp","href":"https:\/\/api.w.org\/{rel}","templated":true}]}}