{"id":18,"date":"2007-12-17T08:54:50","date_gmt":"2007-12-17T07:54:50","guid":{"rendered":"http:\/\/www.atvomsolscheid.de\/wordpress\/?page_id=18"},"modified":"2013-03-23T10:22:55","modified_gmt":"2013-03-23T09:22:55","slug":"zuchtziel","status":"publish","type":"page","link":"https:\/\/www.atvomsolscheid.de\/wordpress\/zuchtziel\/","title":{"rendered":"Zuchtziel"},"content":{"rendered":"<p> \t<font size=\"2\">Ich z\u00fcchte seit 1992 Airedale-Terrier, in kleinem Rahmen, immer mit dem Ziel &#8222;Gesundheit kombiniert mit Leistung&#8220; bzw. &#8222;Leistung kombiniert mit Gesundheit&#8220;. Denn nur ein absolut gesunder Hund ist dauerhaft in der Lage k\u00f6rperliche Leistungen, welcher Art auch immer, abzulegen.<\/font><font size=\"2\"> <\/font><\/p>\n<p><font size=\"2\">Ich m\u00f6chte aktive\u00a0Hunde z\u00fcchten, die sich im Hundesport bew\u00e4hren k\u00f6nnen\u00a0&#8211; egal in welcher Art des Hundesports. Einige haben es bereits getan (siehe <a href=\"https:\/\/www.atvomsolscheid.de\/wordpress\/?page_id=20\"><strong>Erfolge<\/strong><\/a>). Sie sollen &#8222;klar im Kopf&#8220; sein und ebenso auch als normale Familienhunde gehalten werden k\u00f6nnen. Ein guter Airedale-Terrier ist ja ein &#8222;Allrounder&#8220;.<\/font><\/p>\n<p><font size=\"2\">Bei der Auswahl der Deckr\u00fcden achte ich darauf, dass sie aus bew\u00e4hrten Leistungslinien kommen, das hei\u00dft viele Ahnen besitzen Ausbildungskennzeichen. Oder die Vorfahren sind mir durchaus bekannte Hunde, deren gefestigtes Wesen ich kenne und &#8211; ganz wichtig &#8211; der HD-Status des R\u00fcden muss gut sein.<\/font><\/p>\n<p><font size=\"2\"> Ebenso achte ich bei der Auswahl der Paarungspartner darauf, dass die Hunde auf Ellbogendysplasie ger\u00f6ntgt wurden und ein <em>offizieller\u00a0<\/em>guter Befund vorliegt, d.h.dass die R\u00f6ntgenaufnahmen von einem vom KfT beauftragten Gutachter ausgewertet wurden.<\/font><\/p>\n<p><font size=\"2\"> Au\u00dferdem findet bei mir die Berechnung der Genotypwahrscheinlichkeit f\u00fcr das Auftreten der erblichen Augenerkrankung PRA gro\u00dfe Beachtung! <\/font><\/p>\n<p><font size=\"2\">Auch versuche ich\u00a0&#8211;\u00a0und\u00a0tat dies schon\u00a0vom ersten Wurf\u00a0an &#8211;\u00a0 bei einer Verpaarung den Inzuchtkoeffizienten so niedrig wie m\u00f6glich zu halten (auf jeden <font size=\"2\">F<\/font>a<font size=\"2\">ll <\/font>unter 1%<font size=\"2\">!!)<\/font>, um eventuell verdeckte Erbkrankheiten nicht zum Ausbruch kommen zu lassen. Ich m\u00f6chte, dass der Airedale-Terrier auch in Zukunft ein Hund bleibt, bei dem die Tier\u00e4rzte schmunzelnd sagen: &#8222;An diesen Hunden kann ich nichts verdienen!&#8220;<\/font><\/p>\n","protected":false},"excerpt":{"rendered":"<p> \tIch z\u00fcchte seit 1992 Airedale-Terrier, in kleinem Rahmen, immer mit dem Ziel &#8222;Gesundheit kombiniert mit Leistung&#8220; bzw. &#8222;Leistung kombiniert mit Gesundheit&#8220;. Denn nur ein absolut gesunder Hund ist dauerhaft in der Lage k\u00f6rperliche Leistungen, welcher Art auch immer, abzulegen. Ich m\u00f6chte aktive\u00a0Hunde z\u00fcchten, die sich im Hundesport bew\u00e4hren k\u00f6nnen\u00a0&#8211; egal in welcher Art des Hundesports. [&hellip;]<\/p>\n","protected":false},"author":3,"featured_media":0,"parent":0,"menu_order":2,"comment_status":"closed","ping_status":"closed","template":"","meta":{"footnotes":""},"class_list":["post-18","page","type-page","status-publish","hentry"],"_links":{"self":[{"href":"https:\/\/www.atvomsolscheid.de\/wordpress\/wp-json\/wp\/v2\/pages\/18","targetHints":{"allow":["GET"]}}],"collection":[{"href":"https:\/\/www.atvomsolscheid.de\/wordpress\/wp-json\/wp\/v2\/pages"}],"about":[{"href":"https:\/\/www.atvomsolscheid.de\/wordpress\/wp-json\/wp\/v2\/types\/page"}],"author":[{"embeddable":true,"href":"https:\/\/www.atvomsolscheid.de\/wordpress\/wp-json\/wp\/v2\/users\/3"}],"replies":[{"embeddable":true,"href":"https:\/\/www.atvomsolscheid.de\/wordpress\/wp-json\/wp\/v2\/comments?post=18"}],"version-history":[{"count":0,"href":"https:\/\/www.atvomsolscheid.de\/wordpress\/wp-json\/wp\/v2\/pages\/18\/revisions"}],"wp:attachment":[{"href":"https:\/\/www.atvomsolscheid.de\/wordpress\/wp-json\/wp\/v2\/media?parent=18"}],"curies":[{"name":"wp","href":"https:\/\/api.w.org\/{rel}","templated":true}]}}