{"id":20,"date":"2007-12-17T08:58:11","date_gmt":"2007-12-17T07:58:11","guid":{"rendered":"http:\/\/www.atvomsolscheid.de\/wordpress\/?page_id=20"},"modified":"2026-04-12T14:57:08","modified_gmt":"2026-04-12T12:57:08","slug":"erfolge","status":"publish","type":"page","link":"https:\/\/www.atvomsolscheid.de\/wordpress\/erfolge\/","title":{"rendered":"Erfolge"},"content":{"rendered":"<p> \t<!-- ab hier kopieren... --><\/p>\n<p><!-- bis hier --><\/p>\n<div style=\"width: auto; overflow-x: auto;\">\n<table id=\"statistik\" style=\"width: 100%;\">\n<tbody>\n<tr>\n<td><span class=\"highlight\">Hund<\/span><\/td>\n<td><span class=\"highlight\">BH<\/span><\/td>\n<td><span class=\"highlight\">VPG A<\/span><\/p>\n<p>IGBH<\/td>\n<td><span class=\"highlight\">VPG 1<\/span><\/td>\n<td><span class=\"highlight\">VPG 2<\/span><\/td>\n<td><span class=\"highlight\">VPG 3<\/span><\/td>\n<td><span class=\"highlight\">IPO 1<\/span><\/td>\n<td><span class=\"highlight\">IPO3\u00a0<\/span><\/td>\n<td><span class=\"highlight\">F1<\/span><\/td>\n<td><span class=\"highlight\">F2<\/span><\/td>\n<td><span class=\"highlight\">F3<\/span><\/td>\n<td><span class=\"highlight\">FH1<\/span><\/td>\n<td><span class=\"highlight\">FH2<\/span><\/td>\n<td><span class=\"highlight\">IPO FH<\/span><\/td>\n<td><span class=\"highlight\">AD<\/span><\/td>\n<td><span class=\"highlight\">K\u00f6rung ZZP<\/span><\/td>\n<td><span class=\"highlight\">Sonstiges<\/span><\/td>\n<\/tr>\n<tr>\n<td>Ascha<\/td>\n<td>ja<\/td>\n<td><\/td>\n<td>ja<\/td>\n<td>ja<\/td>\n<td>25 x<\/td>\n<td><\/td>\n<td>ja<\/td>\n<td><\/td>\n<td><\/td>\n<td><\/td>\n<td><\/td>\n<td><\/td>\n<td><\/td>\n<td>ja<\/td>\n<td>K\u00f6kl.1b<\/td>\n<td><\/td>\n<\/tr>\n<tr>\n<td>Biggi<\/td>\n<td>ja<\/td>\n<td><\/td>\n<td>ja<\/td>\n<td>ja<\/td>\n<td>12 x<\/td>\n<td><\/td>\n<td><\/td>\n<td><\/td>\n<td><\/td>\n<td><\/td>\n<td>31 x<\/td>\n<td>9 x<\/td>\n<td>2 x<\/td>\n<td>ja<\/td>\n<td><\/td>\n<td><\/td>\n<\/tr>\n<tr>\n<td>Branka<\/td>\n<td>ja<\/td>\n<td><\/td>\n<td>ja<\/td>\n<td>ja<\/td>\n<td>ja<\/td>\n<td><\/td>\n<td><\/td>\n<td><\/td>\n<td><\/td>\n<td><\/td>\n<td>ja<\/td>\n<td><\/td>\n<td><\/td>\n<td><\/td>\n<td><\/td>\n<td><\/td>\n<\/tr>\n<tr>\n<td>Carlos<\/td>\n<td>ja<\/td>\n<td><\/td>\n<td><\/td>\n<td><\/td>\n<td><\/td>\n<td><\/td>\n<td><\/td>\n<td><\/td>\n<td><\/td>\n<td><\/td>\n<td><\/td>\n<td><\/td>\n<td><\/td>\n<td><\/td>\n<td><\/td>\n<td><\/td>\n<\/tr>\n<tr>\n<td>Cim<\/td>\n<td>ja<\/td>\n<td><\/td>\n<td>ja<\/td>\n<td>ja<\/td>\n<td>ja<\/td>\n<td><\/td>\n<td><\/td>\n<td><\/td>\n<td><\/td>\n<td><\/td>\n<td><\/td>\n<td><\/td>\n<td><\/td>\n<td><\/td>\n<td><\/td>\n<td><\/td>\n<\/tr>\n<tr>\n<td>Charly<\/td>\n<td>ja<\/td>\n<td><\/td>\n<td>ja<\/td>\n<td>ja<\/td>\n<td>9 x<\/td>\n<td><\/td>\n<td>ja<\/td>\n<td><\/td>\n<td><\/td>\n<td><\/td>\n<td><\/td>\n<td><\/td>\n<td><\/td>\n<td>ja<\/td>\n<td><\/td>\n<td><\/td>\n<\/tr>\n<tr>\n<td>Clairchen<\/td>\n<td>ja<\/td>\n<td><\/td>\n<td>ja<\/td>\n<td>ja<\/td>\n<td>12 x<\/td>\n<td><\/td>\n<td><\/td>\n<td><\/td>\n<td><\/td>\n<td><\/td>\n<td>21 x<\/td>\n<td>9 x<\/td>\n<td>ja<\/td>\n<td>ja<\/td>\n<td>K\u00f6kl.1a<\/td>\n<td><\/td>\n<\/tr>\n<tr>\n<td>Don<\/td>\n<td>ja<\/td>\n<td><\/td>\n<td><\/td>\n<td><\/td>\n<td><\/td>\n<td><\/td>\n<td><\/td>\n<td><\/td>\n<td><\/td>\n<td><\/td>\n<td><\/td>\n<td><\/td>\n<td><\/td>\n<td>ja<\/td>\n<td><\/td>\n<td><\/td>\n<\/tr>\n<tr>\n<td>Eddi<\/td>\n<td>ja<\/td>\n<td><\/td>\n<td><\/td>\n<td><\/td>\n<td><\/td>\n<td><\/td>\n<td><\/td>\n<td><\/td>\n<td><\/td>\n<td><\/td>\n<td><\/td>\n<td><\/td>\n<td><\/td>\n<td><\/td>\n<td><\/td>\n<td><\/td>\n<\/tr>\n<tr>\n<td>Eila<\/td>\n<td>ja<\/td>\n<td><\/td>\n<td><\/td>\n<td><\/td>\n<td><\/td>\n<td><\/td>\n<td><\/td>\n<td><\/td>\n<td><\/td>\n<td><\/td>\n<td><\/td>\n<td><\/td>\n<td><\/td>\n<td><\/td>\n<td><\/td>\n<td><\/td>\n<\/tr>\n<tr>\n<td>Eika<\/td>\n<td>ja<\/td>\n<td><\/td>\n<td><\/td>\n<td><\/td>\n<td><\/td>\n<td><\/td>\n<td><\/td>\n<td><\/td>\n<td><\/td>\n<td><\/td>\n<td><\/td>\n<td><\/td>\n<td><\/td>\n<td><\/td>\n<td><\/td>\n<td><\/td>\n<\/tr>\n<tr>\n<td>Explosive Tom<\/td>\n<td>ja<\/td>\n<td><\/td>\n<td>ja<\/td>\n<td>ja<\/td>\n<td>2 x<\/td>\n<td><\/td>\n<td><\/td>\n<td><\/td>\n<td><\/td>\n<td><\/td>\n<td><\/td>\n<td><\/td>\n<td><\/td>\n<td>ja<\/td>\n<td><\/td>\n<td><\/td>\n<\/tr>\n<tr>\n<td>Fenja<\/td>\n<td>ja<\/td>\n<td><\/td>\n<td><\/td>\n<td><\/td>\n<td><\/td>\n<td><\/td>\n<td><\/td>\n<td><\/td>\n<td><\/td>\n<td><\/td>\n<td><\/td>\n<td><\/td>\n<td><\/td>\n<td>ja<\/td>\n<td>ZZP<\/td>\n<td><\/td>\n<\/tr>\n<tr>\n<td>Filou<\/td>\n<td>ja<\/td>\n<td><\/td>\n<td>ja<\/td>\n<td>ja<\/td>\n<td>17 x<\/td>\n<td><\/td>\n<td><\/td>\n<td><\/td>\n<td><\/td>\n<td><\/td>\n<td>8 x<\/td>\n<td>17 x<\/td>\n<td><\/td>\n<td>ja<\/td>\n<td>ZZP<\/td>\n<td><\/td>\n<\/tr>\n<tr>\n<td>Fine<\/td>\n<td>ja<\/td>\n<td><\/td>\n<td><\/td>\n<td><\/td>\n<td><\/td>\n<td><\/td>\n<td><\/td>\n<td>ja<\/td>\n<td>ja<\/td>\n<td>ja<\/td>\n<td>ja<\/td>\n<td><\/td>\n<td><\/td>\n<td>ja<\/td>\n<td><\/td>\n<td><\/td>\n<\/tr>\n<tr>\n<td>Gela<\/td>\n<td>ja<\/td>\n<td>ja<\/td>\n<td>ja<\/td>\n<td><\/td>\n<td><\/td>\n<td><\/td>\n<td><\/td>\n<td><\/td>\n<td><\/td>\n<td><\/td>\n<td><\/td>\n<td><\/td>\n<td><\/td>\n<td><\/td>\n<td><\/td>\n<td><\/td>\n<\/tr>\n<tr>\n<td>Gina-Linda<\/td>\n<td>ja<\/td>\n<td><\/td>\n<td><\/td>\n<td><\/td>\n<td><\/td>\n<td><\/td>\n<td><\/td>\n<td><\/td>\n<td><\/td>\n<td><\/td>\n<td><\/td>\n<td><\/td>\n<td><\/td>\n<td><\/td>\n<td><\/td>\n<td><\/td>\n<\/tr>\n<tr>\n<td>Gitta<\/td>\n<td>ja<\/td>\n<td><\/td>\n<td>ja<\/td>\n<td>ja<\/td>\n<td>30 x<\/td>\n<td><\/td>\n<td>5 x<\/td>\n<td><\/td>\n<td><\/td>\n<td><\/td>\n<td>9 x<\/td>\n<td><\/td>\n<td><\/td>\n<td>ja<\/td>\n<td><\/td>\n<td><\/td>\n<\/tr>\n<tr>\n<td>Hanka<\/td>\n<td>ja<\/td>\n<td><\/td>\n<td><\/td>\n<td><\/td>\n<td><\/td>\n<td><\/td>\n<td><\/td>\n<td><\/td>\n<td><\/td>\n<td><\/td>\n<td><\/td>\n<td><\/td>\n<td><\/td>\n<td><\/td>\n<td><\/td>\n<td><\/td>\n<\/tr>\n<tr>\n<td>Hannes-Piet<\/td>\n<td>ja<\/td>\n<td><\/td>\n<td>ja<\/td>\n<td>ja<\/td>\n<td>13 x<\/td>\n<td><\/td>\n<td>ja<\/td>\n<td><\/td>\n<td><\/td>\n<td>ja<\/td>\n<td>4 x<\/td>\n<td><\/td>\n<td><\/td>\n<td>ja<\/td>\n<td>ZZP,K\u00f6kl.1a<\/td>\n<td><\/td>\n<\/tr>\n<tr>\n<td>Happy-Girl<\/td>\n<td>ja<\/td>\n<td><\/td>\n<td><\/td>\n<td><\/td>\n<td><\/td>\n<td><\/td>\n<td><\/td>\n<td><\/td>\n<td><\/td>\n<td><\/td>\n<td><\/td>\n<td><\/td>\n<td><\/td>\n<td><\/td>\n<td>ZZP<\/td>\n<td><\/td>\n<\/tr>\n<tr>\n<td>Hotte<\/td>\n<td>ja<\/td>\n<td><\/td>\n<td>ja<\/td>\n<td>ja<\/td>\n<td><\/td>\n<td><\/td>\n<td><\/td>\n<td><\/td>\n<td><\/td>\n<td><\/td>\n<td><\/td>\n<td><\/td>\n<td><\/td>\n<td>ja<\/td>\n<td><\/td>\n<td><\/td>\n<\/tr>\n<tr>\n<td>Hummel<\/td>\n<td>ja<\/td>\n<td>ja<\/td>\n<td>ja<\/td>\n<td>ja<\/td>\n<td>3 x<\/td>\n<td><\/td>\n<td><\/td>\n<td><\/td>\n<td><\/td>\n<td><\/td>\n<td><\/td>\n<td><\/td>\n<td><\/td>\n<td>ja<\/td>\n<td>ZZP<\/td>\n<td><\/td>\n<\/tr>\n<tr>\n<td>Jule<\/td>\n<td>ja<\/td>\n<td><\/td>\n<td>ja<\/td>\n<td>ja<\/td>\n<td>10 x<\/td>\n<td><\/td>\n<td><\/td>\n<td><\/td>\n<td><\/td>\n<td><\/td>\n<td>4 x<\/td>\n<td><\/td>\n<td><\/td>\n<td>ja<\/td>\n<td>ZZP,K\u00f6kl.1a<\/td>\n<td><\/td>\n<\/tr>\n<tr>\n<td>Jupp Socke<\/td>\n<td>ja<\/td>\n<td><\/td>\n<td>ja<\/td>\n<td>ja<\/td>\n<td><\/td>\n<td><\/td>\n<td><\/td>\n<td><\/td>\n<td><\/td>\n<td><\/td>\n<td><\/td>\n<td><\/td>\n<td><\/td>\n<td>ja<\/td>\n<td><\/td>\n<td><\/td>\n<\/tr>\n<tr>\n<td>Justus<\/td>\n<td>ja<\/td>\n<td>ja<\/td>\n<td>ja<\/td>\n<td>ja<\/td>\n<td>ja<\/td>\n<td><\/td>\n<td><\/td>\n<td><\/td>\n<td><\/td>\n<td><\/td>\n<td><\/td>\n<td><\/td>\n<td><\/td>\n<td><\/td>\n<td><\/td>\n<td><\/td>\n<\/tr>\n<tr>\n<td>Kai<\/td>\n<td>ja<\/td>\n<td><\/td>\n<td><\/td>\n<td><\/td>\n<td><\/td>\n<td><\/td>\n<td><\/td>\n<td><\/td>\n<td><\/td>\n<td><\/td>\n<td><\/td>\n<td><\/td>\n<td><\/td>\n<td><\/td>\n<td><\/td>\n<td><\/td>\n<\/tr>\n<tr>\n<td>Kara<\/td>\n<td>ja<\/td>\n<td><\/td>\n<td>ja<\/td>\n<td>ja<\/td>\n<td>3x<\/td>\n<td><\/td>\n<td><\/td>\n<td>ja<\/td>\n<td><\/td>\n<td>2x<\/td>\n<td>2x<\/td>\n<td><\/td>\n<td><\/td>\n<td>ja<\/td>\n<td>ZZP<\/td>\n<td>VK 2; CSC<\/td>\n<\/tr>\n<tr>\n<td>Kascha<\/td>\n<td>ja<\/td>\n<td><\/td>\n<td><\/td>\n<td><\/td>\n<td><\/td>\n<td><\/td>\n<td><\/td>\n<td>ja<\/td>\n<td>ja<\/td>\n<td>ja<\/td>\n<td>4 x<\/td>\n<td><\/td>\n<td><\/td>\n<td>ja<\/td>\n<td>ZZP<\/td>\n<td><\/td>\n<\/tr>\n<tr>\n<td>L\u00fcmmel-Luka<\/td>\n<td>ja<\/td>\n<td><\/td>\n<td>ja<\/td>\n<td><\/td>\n<td><\/td>\n<td><\/td>\n<td><\/td>\n<td><\/td>\n<td><\/td>\n<td><\/td>\n<td><\/td>\n<td><\/td>\n<td><\/td>\n<td><\/td>\n<td><\/td>\n<td><\/td>\n<\/tr>\n<tr>\n<td>Luna<\/td>\n<td>ja<\/td>\n<td><\/td>\n<td>ja<\/td>\n<td>ja<\/td>\n<td>ja<\/td>\n<td><\/td>\n<td><\/td>\n<td>ja<\/td>\n<td>ja<\/td>\n<td>2x<\/td>\n<td>3x<\/td>\n<td><\/td>\n<td><\/td>\n<td><\/td>\n<td><\/td>\n<td><\/td>\n<\/tr>\n<tr>\n<td>Max<\/td>\n<td>ja<\/td>\n<td><\/td>\n<td>ja<\/td>\n<td>ja<\/td>\n<td>9 x<\/td>\n<td><\/td>\n<td><\/td>\n<td><\/td>\n<td><\/td>\n<td><\/td>\n<td>2x<\/td>\n<td><\/td>\n<td><\/td>\n<td>ja<\/td>\n<td>ZZP,K\u00f6kl.1b<\/td>\n<td><\/td>\n<\/tr>\n<tr>\n<td>Milka<\/td>\n<td>ja<\/td>\n<td><\/td>\n<td>ja<\/td>\n<td>ja<\/td>\n<td>9 x<\/td>\n<td><\/td>\n<td><\/td>\n<td><\/td>\n<td><\/td>\n<td><\/td>\n<td><\/td>\n<td><\/td>\n<td><\/td>\n<td>ja<\/td>\n<td>ZZP,K\u00f6kl.1b<\/td>\n<td><\/td>\n<\/tr>\n<tr>\n<td>Mocki-Emma<\/td>\n<td>ja<\/td>\n<td><\/td>\n<td><\/td>\n<td><\/td>\n<td><\/td>\n<td><\/td>\n<td><\/td>\n<td><\/td>\n<td><\/td>\n<td><\/td>\n<td><\/td>\n<td><\/td>\n<td><\/td>\n<td><\/td>\n<td><\/td>\n<td><\/td>\n<\/tr>\n<tr>\n<td>Noreen<\/td>\n<td>ja<\/td>\n<td><\/td>\n<td><\/td>\n<td><\/td>\n<td><\/td>\n<td><\/td>\n<td><\/td>\n<td><\/td>\n<td><\/td>\n<td><\/td>\n<td><\/td>\n<td><\/td>\n<td><\/td>\n<td><\/td>\n<td><\/td>\n<td><\/td>\n<\/tr>\n<tr>\n<td>Old Sitka<\/td>\n<td>ja<\/td>\n<td><\/td>\n<td><\/td>\n<td><\/td>\n<td><\/td>\n<td><\/td>\n<td><\/td>\n<td><\/td>\n<td><\/td>\n<td><\/td>\n<td><\/td>\n<td><\/td>\n<td><\/td>\n<td><\/td>\n<td><\/td>\n<td><\/td>\n<\/tr>\n<tr>\n<td>Olinka<\/td>\n<td>ja<\/td>\n<td><\/td>\n<td><\/td>\n<td><\/td>\n<td><\/td>\n<td><\/td>\n<td><\/td>\n<td>ja<\/td>\n<td><\/td>\n<td><\/td>\n<td><\/td>\n<td><\/td>\n<td><\/td>\n<td><\/td>\n<td><\/td>\n<td>FCI Obedience Beginners + ROB<\/td>\n<\/tr>\n<tr>\n<td>Oren<\/td>\n<td>ja<\/td>\n<td><\/td>\n<td><\/td>\n<td><\/td>\n<td><\/td>\n<td><\/td>\n<td><\/td>\n<td><\/td>\n<td><\/td>\n<td><\/td>\n<td><\/td>\n<td><\/td>\n<td><\/td>\n<td><\/td>\n<td><\/td>\n<td><\/td>\n<\/tr>\n<tr>\n<td>Onya<\/td>\n<td>ja<\/td>\n<td><\/td>\n<td>ja<\/td>\n<td>ja<\/td>\n<td>3x<\/td>\n<td><\/td>\n<td><\/td>\n<td><\/td>\n<td><\/td>\n<td>3x<\/td>\n<td>6x<\/td>\n<td>22x<\/td>\n<td><\/td>\n<td><\/td>\n<td><\/td>\n<td><\/td>\n<\/tr>\n<tr>\n<td>O`Frodo<\/td>\n<td>ja<\/td>\n<td><\/td>\n<td><\/td>\n<td><\/td>\n<td><\/td>\n<td><\/td>\n<td><\/td>\n<td><\/td>\n<td><\/td>\n<td><\/td>\n<td><\/td>\n<td><\/td>\n<td><\/td>\n<td><\/td>\n<td>ZZP<\/td>\n<td><\/td>\n<\/tr>\n<tr>\n<td>Paul<\/td>\n<td>ja<\/td>\n<td><\/td>\n<td>ja<\/td>\n<td>ja<\/td>\n<td>ja<\/td>\n<td><\/td>\n<td>5x<\/td>\n<td>ja<\/td>\n<td><\/td>\n<td>ja<\/td>\n<td>ja<\/td>\n<td><\/td>\n<td><\/td>\n<td>ja<\/td>\n<td>ZZP<\/td>\n<td><\/td>\n<\/tr>\n<tr>\n<td>Peer-Ole<\/td>\n<td>ja<\/td>\n<td><\/td>\n<td>ja<\/td>\n<td>ja<\/td>\n<td>3x<\/td>\n<td><\/td>\n<td>ja<\/td>\n<td>ja<\/td>\n<td><\/td>\n<td>ja<\/td>\n<td>2x<\/td>\n<td>6x<\/td>\n<td><\/td>\n<td><\/td>\n<td><\/td>\n<td><\/td>\n<\/tr>\n<tr>\n<td>Pepe<\/td>\n<td>ja<\/td>\n<td><\/td>\n<td><\/td>\n<td><\/td>\n<td><\/td>\n<td><\/td>\n<td><\/td>\n<td><\/td>\n<td><\/td>\n<td><\/td>\n<td><\/td>\n<td><\/td>\n<td><\/td>\n<td><\/td>\n<td><\/td>\n<td><\/td>\n<\/tr>\n<tr>\n<td>Pico-Pit<\/td>\n<td>ja<\/td>\n<td><\/td>\n<td><\/td>\n<td><\/td>\n<td><\/td>\n<td><\/td>\n<td><\/td>\n<td><\/td>\n<td><\/td>\n<td><\/td>\n<td><\/td>\n<td><\/td>\n<td><\/td>\n<td><\/td>\n<td><\/td>\n<td><\/td>\n<\/tr>\n<tr>\n<td>Porter<\/td>\n<td>ja<\/td>\n<td><\/td>\n<td>ja<\/td>\n<td>ja<\/td>\n<td>6x<\/td>\n<td><\/td>\n<td>ja<\/td>\n<td><\/td>\n<td><\/td>\n<td><\/td>\n<td><\/td>\n<td><\/td>\n<td><\/td>\n<td><\/td>\n<td><\/td>\n<td>Obedience Klasse 1<\/td>\n<\/tr>\n<tr>\n<td>Quillow<\/td>\n<td>ja<\/td>\n<td><\/td>\n<td>ja<\/td>\n<td><\/td>\n<td><\/td>\n<td><\/td>\n<td><\/td>\n<td>ja<\/td>\n<td><\/td>\n<td><\/td>\n<td><\/td>\n<td><\/td>\n<td><\/td>\n<td><\/td>\n<td>ZZP<\/td>\n<td><\/td>\n<\/tr>\n<tr>\n<td>Queen &#8211; Lilly<\/td>\n<td>ja<\/td>\n<td><\/td>\n<td>ja<\/td>\n<td>ja<\/td>\n<td>4x<\/td>\n<td><\/td>\n<td>12x<\/td>\n<td>ja<\/td>\n<td><\/td>\n<td>ja<\/td>\n<td>2x<\/td>\n<td>29x<\/td>\n<td>5x<\/td>\n<td><\/td>\n<td>ZZP<\/td>\n<td>Klubf\u00e4hrtenhundsieger 2015<\/td>\n<\/tr>\n<tr>\n<td>Quincy<\/td>\n<td>ja<\/td>\n<td><\/td>\n<td>ja<\/td>\n<td>ja<\/td>\n<td>6x<\/td>\n<td>ja<\/td>\n<td>6x<\/td>\n<td><\/td>\n<td><\/td>\n<td><\/td>\n<td>2x<\/td>\n<td><\/td>\n<td><\/td>\n<td>ja<\/td>\n<td>ZZP<\/td>\n<td>Dt.Champ. Kft,VDH<\/td>\n<\/tr>\n<tr>\n<td>Quinn<\/td>\n<td>ja<\/td>\n<td><\/td>\n<td>ja<\/td>\n<td>ja<\/td>\n<td>7x<\/td>\n<td><\/td>\n<td>8x<\/td>\n<td><\/td>\n<td><\/td>\n<td><\/td>\n<td>2x<\/td>\n<td>3x<\/td>\n<td><\/td>\n<td><\/td>\n<td><\/td>\n<td><\/td>\n<\/tr>\n<tr>\n<td>Queen-Kelly<\/td>\n<td>ja<\/td>\n<td><\/td>\n<td>ja<\/td>\n<td>ja<\/td>\n<td>3x<\/td>\n<td><\/td>\n<td>IPO3<\/td>\n<td><\/td>\n<td>ja<\/td>\n<td><\/td>\n<td><\/td>\n<td><\/td>\n<td><\/td>\n<td><\/td>\n<td><\/td>\n<td><\/td>\n<\/tr>\n<tr>\n<td>Quadrophenia<\/td>\n<td>ja<\/td>\n<td><\/td>\n<td>ja<\/td>\n<td>IPO2<\/td>\n<td><\/td>\n<td><\/td>\n<td>IPO3<\/td>\n<td>ja<\/td>\n<td>ja<\/td>\n<td><\/td>\n<td>ja<\/td>\n<td><\/td>\n<td><\/td>\n<td><\/td>\n<td><\/td>\n<td><\/td>\n<\/tr>\n<tr>\n<td>Rachel<\/td>\n<td>ja<\/td>\n<td><\/td>\n<td>ja<\/td>\n<td>ja<\/td>\n<td><\/td>\n<td><\/td>\n<td>IPO3<\/td>\n<td><\/td>\n<td><\/td>\n<td><\/td>\n<td><\/td>\n<td><\/td>\n<td><\/td>\n<td><\/td>\n<td>ZZP<\/td>\n<td><\/td>\n<\/tr>\n<tr>\n<td>Ramu<\/td>\n<td>ja<\/td>\n<td><\/td>\n<td>ja<\/td>\n<td>ja<\/td>\n<td>3x<\/td>\n<td><\/td>\n<td>2x<\/td>\n<td>ja<\/td>\n<td>ja<\/td>\n<td>ja<\/td>\n<td><\/td>\n<td>ja<\/td>\n<td><\/td>\n<td>ja<\/td>\n<td><\/td>\n<td><\/td>\n<\/tr>\n<tr>\n<td>Rando<\/td>\n<td>2x<\/td>\n<td><\/td>\n<td>SPr1<\/td>\n<td>SPR2<\/td>\n<td>SPR35x<\/td>\n<td><\/td>\n<td><\/td>\n<td>2x<\/td>\n<td>ja<\/td>\n<td><\/td>\n<td><\/td>\n<td><\/td>\n<td><\/td>\n<td>ja<\/td>\n<td><\/td>\n<td>VK2; CSC<\/td>\n<\/tr>\n<tr>\n<td>Rozita<\/td>\n<td>ja<\/td>\n<td><\/td>\n<td><\/td>\n<td><\/td>\n<td><\/td>\n<td><\/td>\n<td><\/td>\n<td><\/td>\n<td><\/td>\n<td><\/td>\n<td><\/td>\n<td><\/td>\n<td><\/td>\n<td><\/td>\n<td>ZZP<\/td>\n<td><\/td>\n<\/tr>\n<tr>\n<td>Red Sheyla<\/td>\n<td>ja<\/td>\n<td><\/td>\n<td>ja<\/td>\n<td>IPO2<\/td>\n<td><\/td>\n<td><\/td>\n<td>IPO3<\/td>\n<td><\/td>\n<td><\/td>\n<td><\/td>\n<td><\/td>\n<td><\/td>\n<td><\/td>\n<td><\/td>\n<td>ZZP<\/td>\n<td><\/td>\n<\/tr>\n<tr>\n<td>Rasty<\/td>\n<td>BH3<\/td>\n<td><\/td>\n<td>ja<\/td>\n<td>ja<\/td>\n<td>3x<\/td>\n<td><\/td>\n<td><\/td>\n<td><\/td>\n<td><\/td>\n<td><\/td>\n<td><\/td>\n<td><\/td>\n<td><\/td>\n<td><\/td>\n<td><\/td>\n<td><\/td>\n<\/tr>\n<tr>\n<td>Rieke<\/td>\n<td>ja<\/td>\n<td><\/td>\n<td><\/td>\n<td><\/td>\n<td><\/td>\n<td><\/td>\n<td><\/td>\n<td><\/td>\n<td><\/td>\n<td><\/td>\n<td><\/td>\n<td><\/td>\n<td><\/td>\n<td><\/td>\n<td><\/td>\n<td>FCI Obedience Beginners<\/td>\n<\/tr>\n<tr>\n<td>Schr\u00f6der<\/td>\n<td>ja<\/td>\n<td><\/td>\n<td>ja<\/td>\n<td>IPO2<\/td>\n<td><\/td>\n<td><\/td>\n<td><\/td>\n<td><\/td>\n<td><\/td>\n<td><\/td>\n<td><\/td>\n<td><\/td>\n<td><\/td>\n<td><\/td>\n<td><\/td>\n<td><\/td>\n<\/tr>\n<tr>\n<td>Schona-sue<\/td>\n<td>ja<\/td>\n<td><\/td>\n<td>ja<\/td>\n<td>IPO2<\/td>\n<td><\/td>\n<td>IPO1<\/td>\n<td>IPO3<\/td>\n<td><\/td>\n<td><\/td>\n<td><\/td>\n<td><\/td>\n<td><\/td>\n<td><\/td>\n<td>ja<\/td>\n<td><\/td>\n<td><\/td>\n<\/tr>\n<tr>\n<td>Salome<\/td>\n<td>2x<\/td>\n<td><\/td>\n<td><\/td>\n<td><\/td>\n<td><\/td>\n<td><\/td>\n<td><\/td>\n<td><\/td>\n<td><\/td>\n<td><\/td>\n<td><\/td>\n<td><\/td>\n<td><\/td>\n<td><\/td>\n<td><\/td>\n<td><\/td>\n<\/tr>\n<tr>\n<td>Toby<\/td>\n<td>ja<\/td>\n<td>UPr1<\/td>\n<td><\/td>\n<td>IPO2<\/td>\n<td><\/td>\n<td>IPO1<\/td>\n<td><\/td>\n<td>3x<\/td>\n<td><\/td>\n<td>ja<\/td>\n<td>ja<\/td>\n<td><\/td>\n<td><\/td>\n<td>ja<\/td>\n<td>ZZP<\/td>\n<td><\/td>\n<\/tr>\n<tr>\n<td>Tom Takoda<\/td>\n<td>ja<\/td>\n<td><\/td>\n<td><\/td>\n<td><\/td>\n<td><\/td>\n<td><\/td>\n<td><\/td>\n<td><\/td>\n<td><\/td>\n<td><\/td>\n<td><\/td>\n<td><\/td>\n<td><\/td>\n<td><\/td>\n<td><\/td>\n<td>Obedience Klasse 3<\/td>\n<\/tr>\n<tr>\n<td>Toffee<\/td>\n<td>ja<\/td>\n<td><\/td>\n<td>\u00a0SPR1<\/td>\n<td>SPR2<\/td>\n<td>SPR3<\/td>\n<td><\/td>\n<td><\/td>\n<td>\u00a0ja<\/td>\n<td>ja<\/td>\n<td>ja<\/td>\n<td><\/td>\n<td><\/td>\n<td><\/td>\n<td>ja<\/td>\n<td>ZZP<\/td>\n<td>\u00a0VK1<\/td>\n<\/tr>\n<tr>\n<td>Tyron<\/td>\n<td>ja<\/td>\n<td><\/td>\n<td><\/td>\n<td>IPO2<\/td>\n<td><\/td>\n<td>IPO1<\/td>\n<td>4x<\/td>\n<td><\/td>\n<td><\/td>\n<td><\/td>\n<td><\/td>\n<td><\/td>\n<td><\/td>\n<td>ja<\/td>\n<td>ZZP<\/td>\n<td><\/td>\n<\/tr>\n<tr>\n<td>Twix<\/td>\n<td>ja<\/td>\n<td><\/td>\n<td><\/td>\n<td><\/td>\n<td><\/td>\n<td><\/td>\n<td><\/td>\n<td>ja<\/td>\n<td><\/td>\n<td><\/td>\n<td><\/td>\n<td><\/td>\n<td><\/td>\n<td><\/td>\n<td><\/td>\n<td><\/td>\n<\/tr>\n<tr>\n<td>Tracy<\/td>\n<td>ja<\/td>\n<td><\/td>\n<td><\/td>\n<td><\/td>\n<td><\/td>\n<td><\/td>\n<td><\/td>\n<td><\/td>\n<td><\/td>\n<td><\/td>\n<td><\/td>\n<td><\/td>\n<td><\/td>\n<td><\/td>\n<td><\/td>\n<td><\/td>\n<\/tr>\n<tr>\n<td>Tilly<\/td>\n<td>ja<\/td>\n<td><\/td>\n<td><\/td>\n<td><\/td>\n<td><\/td>\n<td><\/td>\n<td><\/td>\n<td><\/td>\n<td><\/td>\n<td><\/td>\n<td><\/td>\n<td><\/td>\n<td><\/td>\n<td><\/td>\n<td><\/td>\n<td><\/td>\n<\/tr>\n<tr>\n<td>Tinka<\/td>\n<td>BH1<\/td>\n<td><\/td>\n<td><\/td>\n<td><\/td>\n<td><\/td>\n<td><\/td>\n<td><\/td>\n<td><\/td>\n<td><\/td>\n<td><\/td>\n<td><\/td>\n<td><\/td>\n<td><\/td>\n<td><\/td>\n<td><\/td>\n<td><\/td>\n<\/tr>\n<tr>\n<td>Unox<\/td>\n<td>ja<\/td>\n<td><\/td>\n<td><\/td>\n<td>\u00a0IPO2<\/td>\n<td><\/td>\n<td>IPO1<\/td>\n<td>IGP3<\/td>\n<td><\/td>\n<td><\/td>\n<td><\/td>\n<td>ja<\/td>\n<td>7x<\/td>\n<td><\/td>\n<td>ja<\/td>\n<td>\u00a0ZZP<\/td>\n<td><\/td>\n<\/tr>\n<tr>\n<td>U2<\/td>\n<td>ja<\/td>\n<td><\/td>\n<td><\/td>\n<td>\u00a0IPO2<\/td>\n<td><\/td>\n<td>IPO1<\/td>\n<td>\u00a05x<\/td>\n<td><\/td>\n<td><\/td>\n<td><\/td>\n<td><\/td>\n<td><\/td>\n<td><\/td>\n<td>ja<\/td>\n<td>\u00a0ZZP;K\u00f6rung<\/td>\n<td><\/td>\n<\/tr>\n<tr>\n<td>Uno-Riff<\/td>\n<td>ja<\/td>\n<td><\/td>\n<td><\/td>\n<td>\u00a0IPO2<\/td>\n<td><\/td>\n<td>\u00a0IPO1<\/td>\n<td>\u00a02x<\/td>\n<td><\/td>\n<td><\/td>\n<td><\/td>\n<td>ja<\/td>\n<td><\/td>\n<td><\/td>\n<td><\/td>\n<td><\/td>\n<td><\/td>\n<\/tr>\n<tr>\n<td>Vianni<\/td>\n<td>ja<\/td>\n<td><\/td>\n<td><\/td>\n<td><\/td>\n<td><\/td>\n<td><\/td>\n<td><\/td>\n<td><\/td>\n<td><\/td>\n<td><\/td>\n<td><\/td>\n<td><\/td>\n<td><\/td>\n<td><\/td>\n<td><\/td>\n<td>Obedience Klasse3 \/ Klubsieger Obedience 2018+2019 \/Klubsieger Obedience Seniorenklasse 2022<\/td>\n<\/tr>\n<tr>\n<td>Vietje<\/td>\n<td>ja<\/td>\n<td><\/td>\n<td><\/td>\n<td><\/td>\n<td><\/td>\n<td><\/td>\n<td><\/td>\n<td><\/td>\n<td><\/td>\n<td><\/td>\n<td><\/td>\n<td><\/td>\n<td><\/td>\n<td><\/td>\n<td><\/td>\n<td><\/td>\n<\/tr>\n<tr>\n<td>Wicky<\/td>\n<td><\/td>\n<td><\/td>\n<td><\/td>\n<td><\/td>\n<td><\/td>\n<td><\/td>\n<td><\/td>\n<td><\/td>\n<td><\/td>\n<td><\/td>\n<td><\/td>\n<td><\/td>\n<td><\/td>\n<td>ja<\/td>\n<td>ZZP<\/td>\n<td><\/td>\n<\/tr>\n<tr>\n<td>Willy<\/td>\n<td>BH1<\/td>\n<td><\/td>\n<td>IGP1<\/td>\n<td>IGP2<\/td>\n<td>4xIGP3<\/td>\n<td><\/td>\n<td><\/td>\n<td><\/td>\n<td><\/td>\n<td><\/td>\n<td><\/td>\n<td><\/td>\n<td><\/td>\n<td><\/td>\n<td>K\u00f6rung (CH)<\/td>\n<td>\u00a0Clubjugendsieger SATC<\/td>\n<\/tr>\n<tr>\n<td>Xtreme Lola<\/td>\n<td>ja<\/td>\n<td><\/td>\n<td><\/td>\n<td><\/td>\n<td><\/td>\n<td><\/td>\n<td><\/td>\n<td><\/td>\n<td><\/td>\n<td><\/td>\n<td><\/td>\n<td><\/td>\n<td><\/td>\n<td>ja<\/td>\n<td><\/td>\n<td><\/td>\n<\/tr>\n<tr>\n<td>Xana Fee<\/td>\n<td>ja<\/td>\n<td><\/td>\n<td><\/td>\n<td><\/td>\n<td><\/td>\n<td><\/td>\n<td><\/td>\n<td><\/td>\n<td><\/td>\n<td><\/td>\n<td><\/td>\n<td><\/td>\n<td><\/td>\n<td><\/td>\n<td><\/td>\n<td><\/td>\n<\/tr>\n<tr>\n<td>Frau Holle of King`s Aire &#8211; gen. Holly<\/td>\n<td>ja<\/td>\n<td>ja<\/td>\n<td>IGP1<\/td>\n<td>IGP2<\/td>\n<td>9xIGP3<\/td>\n<td><\/td>\n<td><\/td>\n<td><\/td>\n<td><\/td>\n<td>ja<\/td>\n<td>ja<\/td>\n<td>2x<\/td>\n<td><\/td>\n<td>ja<\/td>\n<td>ZZP<\/td>\n<td><\/td>\n<\/tr>\n<tr>\n<td><span class=\"highlight\">Hund<\/span><\/td>\n<td><span class=\"highlight\">BH<\/span><\/td>\n<td><span class=\"highlight\">IGBH1<\/span><\/td>\n<td><span class=\"highlight\">VPG1<br \/>\n<\/span><\/td>\n<td><span class=\"highlight\">VPG2<br \/>\n<\/span><\/td>\n<td><span class=\"highlight\">VPG 3<\/span><\/td>\n<td><span class=\"highlight\">IPO1<br \/>\n<\/span><\/td>\n<td><span class=\"highlight\">IPO3<br \/>\n<\/span><\/td>\n<td><span class=\"highlight\">F1<\/span><\/td>\n<td><span class=\"highlight\">F2<\/span><\/td>\n<td><span class=\"highlight\">F3<\/span><\/td>\n<td><span class=\"highlight\">FH1<\/span><\/td>\n<td><span class=\"highlight\">FH3<\/span><\/td>\n<td><span class=\"highlight\">IPO FH<\/span><\/td>\n<td><span class=\"highlight\">AD<\/span><\/td>\n<td><span class=\"highlight\">K\u00f6rung ZZP<\/span><\/td>\n<td><span class=\"highlight\">Verschiedenes<\/span><\/td>\n<\/tr>\n<\/tbody>\n<\/table>\n<\/div>\n<p><strong>Erl\u00e4uterung<\/strong>: BH : Begleithundpr\u00fcfung; BH1-3 (Schweiz); VPG : Vielseitigkeitspr\u00fcfung f\u00fcr Gebrauchshunde 1-3\/IGP:International Gebrauchshundpr\u00fcfung 1-3 ( bestehend aus A=F\u00e4hrte, B=Gehorsam,C=Schutzdienst); IPO : Internationale Pr\u00fcfungsordnung 1-3 ; F: F\u00e4hrtenpr\u00fcfung 1-3; FH : F\u00e4hrtenhundpr\u00fcfung 1,2; IPO FH : Internationale Pr\u00fcfung der F\u00e4hrtenhunde, d.h. 2 FH2 an zwei aufeinanderfolgenden Tagen; AD : Ausdauerpr\u00fcfung d.h. 20 km am Fahrrad mit anschlie\u00dfender Gehorsams\u00fcberpr\u00fcfung; ZZP : Zuchtzulassungspr\u00fcfung; K\u00f6Kl.:K\u00f6rklasse 1a &#8211; 2b; VK = Vierkampf 1+2 ; CSC = Combinations Speed Cup \/ Turnierhundesport; Obedience Klassen: Beginners und Kl. 1 &#8211; 3 . Show: Ausstellungserfolge<\/p>\n","protected":false},"excerpt":{"rendered":"<p> \tHund BH VPG A IGBH VPG 1 VPG 2 VPG 3 IPO 1 IPO3\u00a0 F1 F2 F3 FH1 FH2 IPO FH AD K\u00f6rung ZZP Sonstiges Ascha ja ja ja 25 x ja ja K\u00f6kl.1b Biggi ja ja ja 12 x 31 x 9 x 2 x ja Branka ja ja ja ja ja Carlos ja [&hellip;]<\/p>\n","protected":false},"author":3,"featured_media":0,"parent":0,"menu_order":4,"comment_status":"closed","ping_status":"closed","template":"","meta":{"footnotes":""},"class_list":["post-20","page","type-page","status-publish","hentry"],"_links":{"self":[{"href":"https:\/\/www.atvomsolscheid.de\/wordpress\/wp-json\/wp\/v2\/pages\/20","targetHints":{"allow":["GET"]}}],"collection":[{"href":"https:\/\/www.atvomsolscheid.de\/wordpress\/wp-json\/wp\/v2\/pages"}],"about":[{"href":"https:\/\/www.atvomsolscheid.de\/wordpress\/wp-json\/wp\/v2\/types\/page"}],"author":[{"embeddable":true,"href":"https:\/\/www.atvomsolscheid.de\/wordpress\/wp-json\/wp\/v2\/users\/3"}],"replies":[{"embeddable":true,"href":"https:\/\/www.atvomsolscheid.de\/wordpress\/wp-json\/wp\/v2\/comments?post=20"}],"version-history":[{"count":75,"href":"https:\/\/www.atvomsolscheid.de\/wordpress\/wp-json\/wp\/v2\/pages\/20\/revisions"}],"predecessor-version":[{"id":2783,"href":"https:\/\/www.atvomsolscheid.de\/wordpress\/wp-json\/wp\/v2\/pages\/20\/revisions\/2783"}],"wp:attachment":[{"href":"https:\/\/www.atvomsolscheid.de\/wordpress\/wp-json\/wp\/v2\/media?parent=20"}],"curies":[{"name":"wp","href":"https:\/\/api.w.org\/{rel}","templated":true}]}}