{"id":25,"date":"2007-12-17T11:17:27","date_gmt":"2007-12-17T10:17:27","guid":{"rendered":"http:\/\/www.atvomsolscheid.de\/wordpress\/?page_id=25"},"modified":"2009-10-22T14:57:44","modified_gmt":"2009-10-22T13:57:44","slug":"ascha-vom-solscheid-gen-momo","status":"publish","type":"page","link":"https:\/\/www.atvomsolscheid.de\/wordpress\/zuchthundinnen\/ascha-vom-solscheid-gen-momo\/","title":{"rendered":"Ascha vom Solscheid, gen. &#8222;Momo&#8220;"},"content":{"rendered":"<br \/>\n<table style=\"margin-left: auto; margin-right: auto; text-align: left\" border=\"0\">\n<tr>\n<td style=\"text-align: center\"><img loading=\"lazy\" decoding=\"async\" src=\"https:\/\/www.atvomsolscheid.de\/wordpress\/grafiken\/sb_ascha.jpg\" width=\"465\" height=\"324\" \/><\/td>\n<\/tr>\n<\/table>\n<p>&#8222;Ascha vom Solscheid, gen. Momo &#8220; *06.09.92 + 21.02.07 <a href=\"https:\/\/www.atvomsolscheid.de\/wordpress\/?page_id=38\">(K\u00f6rbericht ansehen)<\/a><\/p>\n<p style=\"text-align: justify\"><font size=\"2\" face=\"Verdana\">Der C und der H-Wurf stammen von der von mir gezogenen und im Besitz von Frau Dr. Stolz stehenden H\u00fcndin <strong>\u201c<a href=\"https:\/\/www.atvomsolscheid.de\/wordpress\/?page_id=25\"><font color=\"#000000\">Ascha vom Solscheid<\/font><\/a>\u201c<\/strong> (HD A1, ZW 86) gen. \u201cMomo\u201d. Sie hatte die Ausbildungskennzeichen AD, VPG 3, IPO 3 und besa\u00df die K\u00f6rklasse 1b. Momo hatte an mehreren Landesausscheidungspr\u00fcfungen (DVG und KfT), sowie mehrmals an der KLSP KfT teilgenommen. Momo zeichnete sich durch ihre \u201chervorragende Mutveranlagung\u201d (Zit. <a href=\"https:\/\/www.atvomsolscheid.de\/wordpress\/?page_id=38\"><span style=\"font-weight: bold\">K\u00f6rbericht<\/span><\/a>) aus. Mit 14 1\/2 Jahren starb sie im Februar 2007.<\/font><\/p>\n<p style=\"text-align: center\"><img loading=\"lazy\" decoding=\"async\" src=\"https:\/\/www.atvomsolscheid.de\/wordpress\/grafiken\/momo.jpg\" title=\"Zuchth\u00fcndin Ascha vom Solscheid, genannt Momo\" border=\"1\" width=\"150\" height=\"207\" \/><\/p>\n","protected":false},"excerpt":{"rendered":"<p> \t&#8222;Ascha vom Solscheid, gen. Momo &#8220; *06.09.92 + 21.02.07 (K\u00f6rbericht ansehen) Der C und der H-Wurf stammen von der von mir gezogenen und im Besitz von Frau Dr. Stolz stehenden H\u00fcndin \u201cAscha vom Solscheid\u201c (HD A1, ZW 86) gen. \u201cMomo\u201d. Sie hatte die Ausbildungskennzeichen AD, VPG 3, IPO 3 und besa\u00df die K\u00f6rklasse 1b. Momo [&hellip;]<\/p>\n","protected":false},"author":3,"featured_media":0,"parent":9,"menu_order":2,"comment_status":"closed","ping_status":"closed","template":"","meta":{"footnotes":""},"class_list":["post-25","page","type-page","status-publish","hentry"],"_links":{"self":[{"href":"https:\/\/www.atvomsolscheid.de\/wordpress\/wp-json\/wp\/v2\/pages\/25","targetHints":{"allow":["GET"]}}],"collection":[{"href":"https:\/\/www.atvomsolscheid.de\/wordpress\/wp-json\/wp\/v2\/pages"}],"about":[{"href":"https:\/\/www.atvomsolscheid.de\/wordpress\/wp-json\/wp\/v2\/types\/page"}],"author":[{"embeddable":true,"href":"https:\/\/www.atvomsolscheid.de\/wordpress\/wp-json\/wp\/v2\/users\/3"}],"replies":[{"embeddable":true,"href":"https:\/\/www.atvomsolscheid.de\/wordpress\/wp-json\/wp\/v2\/comments?post=25"}],"version-history":[{"count":0,"href":"https:\/\/www.atvomsolscheid.de\/wordpress\/wp-json\/wp\/v2\/pages\/25\/revisions"}],"up":[{"embeddable":true,"href":"https:\/\/www.atvomsolscheid.de\/wordpress\/wp-json\/wp\/v2\/pages\/9"}],"wp:attachment":[{"href":"https:\/\/www.atvomsolscheid.de\/wordpress\/wp-json\/wp\/v2\/media?parent=25"}],"curies":[{"name":"wp","href":"https:\/\/api.w.org\/{rel}","templated":true}]}}