{"id":27,"date":"2007-12-17T11:18:47","date_gmt":"2007-12-17T10:18:47","guid":{"rendered":"http:\/\/www.atvomsolscheid.de\/wordpress\/?page_id=27"},"modified":"2010-03-19T11:34:04","modified_gmt":"2010-03-19T10:34:04","slug":"fenja-vom-solscheid","status":"publish","type":"page","link":"https:\/\/www.atvomsolscheid.de\/wordpress\/zuchthundinnen\/fenja-vom-solscheid\/","title":{"rendered":"Fenja vom Solscheid"},"content":{"rendered":"<br \/>\n<table border=\"0\" style=\"text-align: left; margin-left: auto; margin-right: auto\">\n<tr>\n<td style=\"text-align: center\"><img loading=\"lazy\" decoding=\"async\" src=\"https:\/\/www.atvomsolscheid.de\/wordpress\/grafiken\/sb_fenja.jpg\" height=\"324\" width=\"465\" \/><\/td>\n<\/tr>\n<\/table>\n<p>&#8222;Fenja vom Solscheid&#8220; *09.07.97 &#8211; +10.06.05<\/p>\n<p style=\"text-align: justify\"><font size=\"2\">Der I-Wurf stammt von <strong>\u201c<a href=\"https:\/\/www.atvomsolscheid.de\/wordpress\/?page_id=27\">Fenja vom Solscheid<\/a>\u201c<\/strong> (HD A1, ZW 98) ab. Diese H\u00fcndin lebte bei meiner Freundin Eva Meier. Fenja hatte die BH und AD Pr\u00fcfung abgelegt und wurde von Pia, der Tochter von Eva Meier, im Bereich des Turnierhundsportes gef\u00fchrt. Fenja war eine temperamentvolle, verspielte und sehr menschenfreundliche H\u00fcndin, die im Haus den Posten des Wachhundes \u00fcbernommen hatte, als Reitbegleithund an Pias Seite war und somit der ideale Familienhund war. Sie wurde Opfer eines hinterh\u00e4ltig ausgelegten Giftk\u00f6ders und starb &#8211; viel zu fr\u00fch &#8211; mit knapp 8 Jahren!<\/font><\/p>\n<p style=\"text-align: center\"><img loading=\"lazy\" decoding=\"async\" border=\"1\" src=\"https:\/\/www.atvomsolscheid.de\/wordpress\/grafiken\/fenja.jpg\" title=\"Zuchth\u00fcndin Fenja vom Solscheid\" height=\"207\" width=\"150\" \/><\/p>\n","protected":false},"excerpt":{"rendered":"<p> \t&#8222;Fenja vom Solscheid&#8220; *09.07.97 &#8211; +10.06.05 Der I-Wurf stammt von \u201cFenja vom Solscheid\u201c (HD A1, ZW 98) ab. Diese H\u00fcndin lebte bei meiner Freundin Eva Meier. Fenja hatte die BH und AD Pr\u00fcfung abgelegt und wurde von Pia, der Tochter von Eva Meier, im Bereich des Turnierhundsportes gef\u00fchrt. Fenja war eine temperamentvolle, verspielte und sehr [&hellip;]<\/p>\n","protected":false},"author":3,"featured_media":0,"parent":9,"menu_order":4,"comment_status":"closed","ping_status":"closed","template":"","meta":{"footnotes":""},"class_list":["post-27","page","type-page","status-publish","hentry"],"_links":{"self":[{"href":"https:\/\/www.atvomsolscheid.de\/wordpress\/wp-json\/wp\/v2\/pages\/27","targetHints":{"allow":["GET"]}}],"collection":[{"href":"https:\/\/www.atvomsolscheid.de\/wordpress\/wp-json\/wp\/v2\/pages"}],"about":[{"href":"https:\/\/www.atvomsolscheid.de\/wordpress\/wp-json\/wp\/v2\/types\/page"}],"author":[{"embeddable":true,"href":"https:\/\/www.atvomsolscheid.de\/wordpress\/wp-json\/wp\/v2\/users\/3"}],"replies":[{"embeddable":true,"href":"https:\/\/www.atvomsolscheid.de\/wordpress\/wp-json\/wp\/v2\/comments?post=27"}],"version-history":[{"count":0,"href":"https:\/\/www.atvomsolscheid.de\/wordpress\/wp-json\/wp\/v2\/pages\/27\/revisions"}],"up":[{"embeddable":true,"href":"https:\/\/www.atvomsolscheid.de\/wordpress\/wp-json\/wp\/v2\/pages\/9"}],"wp:attachment":[{"href":"https:\/\/www.atvomsolscheid.de\/wordpress\/wp-json\/wp\/v2\/media?parent=27"}],"curies":[{"name":"wp","href":"https:\/\/api.w.org\/{rel}","templated":true}]}}