{"id":278,"date":"2011-03-09T19:58:00","date_gmt":"2011-03-09T18:58:00","guid":{"rendered":"http:\/\/www.atvomsolscheid.de\/wordpress\/?page_id=278"},"modified":"2024-08-12T16:24:30","modified_gmt":"2024-08-12T14:24:30","slug":"ed-untersuchung","status":"publish","type":"page","link":"https:\/\/www.atvomsolscheid.de\/wordpress\/ed-untersuchung\/","title":{"rendered":"ED Untersuchung"},"content":{"rendered":"<p> \tNeue Erkenntnisse haben gezeigt, dass es von Bedeutung ist, dass Airedale Terrier auch auf ED (Ellbogengelenksdysplasie) ger\u00f6ntgt werden und eine offizielle Auswertung stattfindet, damit der Z\u00fcchter ein Wissen dar\u00fcber hat, was er miteinander verpaart.<\/p>\n<p>F\u00fcr die Zuchthunde gilt ab 1. Juli 2011 die ED Untersuchung verpflichtend zur Vorlage bei einer Zuchtzulassungspr\u00fcfung\u00a0 \u2013\u00a0 Mit dieser Ma\u00dfnahme soll unsere robuste Rasse Airedale Terrier weiterhin so gesund wie m\u00f6glich erhalten bleiben.<\/p>\n<p>Auf freiwilliger Basis r\u00f6ntgen wir schon seit geraumer Zeit unsere in der Zucht stehenden Hunde neben der HD auch auf ED (Siehe <a href=\"https:\/\/www.atvomsolscheid.de\/wordpress\/?page_id=21\"><strong>R\u00fcden<\/strong><\/a>\/<a href=\"https:\/\/www.atvomsolscheid.de\/wordpress\/?page_id=9\"><strong>H\u00fcndinnen<\/strong><\/a>). Erfreulicherweise gibt es einige Besitzer von Solscheidern , die dieses Vorhaben auch unterst\u00fctzen und neben der HD die Nachzucht auch auf ED r\u00f6ntgen und die Aufnahmen auch auswerten lassen. Ein gro\u00dfes \u201eDankesch\u00f6n\u201c an die Besitzer der untersuchten Hunde \u2013 so werden wertvolle Zuchtinformationen erhalten!<\/p>\n<p>W\u00e4hrend anfangs noch keine ED Ergebnisse von Airedale Terriern vorlagen und Verpaarungen ohne ED Informationen vorgenommen werden mussten, konnte bei den W\u00fcrfen ab 2017 schon auf ED Ergebnisse beider Elterntiere zur\u00fcckgegriffen werden.<\/p>\n<p>Die R\u00f6ntgenquote der Nachzucht der letzten W\u00fcrfe betr\u00e4gt ca 80%<\/p>\n<p>&nbsp;<\/p>\n<table id=\"statistik\" width=\"100%\">\n<tbody>\n<tr>\n<td><span class=\"highlight\">Wurf<\/span><\/td>\n<td><span class=\"highlight\">ED0<\/span><\/td>\n<td><span class=\"highlight\">ED Grenzfall<\/span><\/td>\n<td><span class=\"highlight\">ED1<\/span><\/td>\n<td><span class=\"highlight\">ED2<\/span><\/td>\n<td><span class=\"highlight\">ED3<\/span><\/td>\n<\/tr>\n<tr>\n<td>R (3\/6) *15.3.08<\/td>\n<td>4<\/td>\n<td>1<\/td>\n<td>0<\/td>\n<td>1<\/td>\n<td>0<\/td>\n<\/tr>\n<tr>\n<td>S (4\/4) *20.9.09<\/td>\n<td>5<\/td>\n<td>1<\/td>\n<td>0<\/td>\n<td>0<\/td>\n<td>0<\/td>\n<\/tr>\n<tr>\n<td>T (7\/6) *23.6.11<\/td>\n<td>8<\/td>\n<td>2<\/td>\n<td>1<\/td>\n<td>0<\/td>\n<td>1<\/td>\n<\/tr>\n<tr>\n<td>U (4\/4) *5.2.13<\/td>\n<td>5<\/td>\n<td>&#8211;<\/td>\n<td>&#8211;<\/td>\n<td>&#8211;<\/td>\n<td>&#8211;<\/td>\n<\/tr>\n<tr>\n<td>V (8\/1) *1.2.14<\/td>\n<td>6<\/td>\n<td>&#8211;<\/td>\n<td>&#8211;<\/td>\n<td>1<\/td>\n<td>2<\/td>\n<\/tr>\n<tr>\n<td>W (2\/7) *2.3.17<\/td>\n<td>7<\/td>\n<td>1<\/td>\n<td>&#8211;<\/td>\n<td>&#8211;<\/td>\n<td>&#8211;<\/td>\n<\/tr>\n<tr>\n<td>X (3\/4)*22.7.21<\/td>\n<td>6<\/td>\n<td>&#8211;<\/td>\n<td>&#8211;<\/td>\n<td>&#8211;<\/td>\n<td>&#8211;<\/td>\n<\/tr>\n<tr>\n<td>Y (4\/4)*20.4.23<\/td>\n<td>6<\/td>\n<td>&#8211;<\/td>\n<td>&#8211;<\/td>\n<td>&#8211;<\/td>\n<td>&#8211;<\/td>\n<\/tr>\n<\/tbody>\n<\/table>\n","protected":false},"excerpt":{"rendered":"<p> \tNeue Erkenntnisse haben gezeigt, dass es von Bedeutung ist, dass Airedale Terrier auch auf ED (Ellbogengelenksdysplasie) ger\u00f6ntgt werden und eine offizielle Auswertung stattfindet, damit der Z\u00fcchter ein Wissen dar\u00fcber hat, was er miteinander verpaart. F\u00fcr die Zuchthunde gilt ab 1. Juli 2011 die ED Untersuchung verpflichtend zur Vorlage bei einer Zuchtzulassungspr\u00fcfung\u00a0 \u2013\u00a0 Mit dieser Ma\u00dfnahme [&hellip;]<\/p>\n","protected":false},"author":1,"featured_media":0,"parent":0,"menu_order":5,"comment_status":"closed","ping_status":"closed","template":"","meta":{"footnotes":""},"class_list":["post-278","page","type-page","status-publish","hentry"],"_links":{"self":[{"href":"https:\/\/www.atvomsolscheid.de\/wordpress\/wp-json\/wp\/v2\/pages\/278","targetHints":{"allow":["GET"]}}],"collection":[{"href":"https:\/\/www.atvomsolscheid.de\/wordpress\/wp-json\/wp\/v2\/pages"}],"about":[{"href":"https:\/\/www.atvomsolscheid.de\/wordpress\/wp-json\/wp\/v2\/types\/page"}],"author":[{"embeddable":true,"href":"https:\/\/www.atvomsolscheid.de\/wordpress\/wp-json\/wp\/v2\/users\/1"}],"replies":[{"embeddable":true,"href":"https:\/\/www.atvomsolscheid.de\/wordpress\/wp-json\/wp\/v2\/comments?post=278"}],"version-history":[{"count":25,"href":"https:\/\/www.atvomsolscheid.de\/wordpress\/wp-json\/wp\/v2\/pages\/278\/revisions"}],"predecessor-version":[{"id":2629,"href":"https:\/\/www.atvomsolscheid.de\/wordpress\/wp-json\/wp\/v2\/pages\/278\/revisions\/2629"}],"wp:attachment":[{"href":"https:\/\/www.atvomsolscheid.de\/wordpress\/wp-json\/wp\/v2\/media?parent=278"}],"curies":[{"name":"wp","href":"https:\/\/api.w.org\/{rel}","templated":true}]}}