{"id":28,"date":"2007-12-17T11:19:28","date_gmt":"2007-12-17T10:19:28","guid":{"rendered":"http:\/\/www.atvomsolscheid.de\/wordpress\/?page_id=28"},"modified":"2013-08-14T22:22:35","modified_gmt":"2013-08-14T21:22:35","slug":"hummel-vom-solscheid-gen-kimba","status":"publish","type":"page","link":"https:\/\/www.atvomsolscheid.de\/wordpress\/zuchthundinnen\/hummel-vom-solscheid-gen-kimba\/","title":{"rendered":"Hummel vom Solscheid, gen. &#8222;Kimba&#8220;"},"content":{"rendered":"<br \/>\n<table style=\"margin-left: auto; margin-right: auto; text-align: left\" border=\"0\">\n<tr>\n<td style=\"text-align: center\"><img loading=\"lazy\" decoding=\"async\" src=\"https:\/\/www.atvomsolscheid.de\/wordpress\/grafiken\/sb_hummel.jpg\" height=\"324\" width=\"465\" \/><\/td>\n<\/tr>\n<\/table>\n<p>&#8222;Hummel vom Solscheid, gen. Kimba&#8220; *19.03.99 &#8211; + 14.08.2013<\/p>\n<p style=\"text-align: justify\"><font face=\"Verdana\" size=\"2\">Der J-Wurf stammt von <strong>\u201c<a href=\"https:\/\/www.atvomsolscheid.de\/wordpress\/?page_id=28\">Hummel vom Solscheid<\/a>\u201c<\/strong> (HD A1, ZW 97, PRA-frei: Stand 09\/07 d.h. lebenslang) gen. \u201cKimba\u201d, deren Besitzerin Sabine Ladeburg war. Sie hat die Ausbildungskennzeichen AD und VPG 3. Sie war sehr triebig und temperamentvoll und extrem anpassungsf\u00e4hig. Alles in Allem halt ein richtiger Airedale-Terrier, der sich als \u201cAllroundhund\u201d bew\u00e4hrte! Sp\u00e4ter wurde sie &#8222;B\u00fcrohund&#8220;\u00a0 und ge<font size=\"2\">noss dort alle Aufme<font size=\"2\">rksamkeiten, die einem alten <font size=\"2\">H<\/font>und zustehen! Mit 14,5 Jahren starb sie im August 2013.<br \/>\n<\/font><\/font><\/font><\/p>\n<p style=\"text-align: center\"><img loading=\"lazy\" decoding=\"async\" src=\"https:\/\/www.atvomsolscheid.de\/wordpress\/grafiken\/hummel.jpg\" title=\"Zuchth\u00fcndin Hummel vom Solscheid, genannt Kimba\" height=\"207\" border=\"1\" width=\"150\" \/><\/p>\n","protected":false},"excerpt":{"rendered":"<p> \t&#8222;Hummel vom Solscheid, gen. Kimba&#8220; *19.03.99 &#8211; + 14.08.2013 Der J-Wurf stammt von \u201cHummel vom Solscheid\u201c (HD A1, ZW 97, PRA-frei: Stand 09\/07 d.h. lebenslang) gen. \u201cKimba\u201d, deren Besitzerin Sabine Ladeburg war. Sie hat die Ausbildungskennzeichen AD und VPG 3. Sie war sehr triebig und temperamentvoll und extrem anpassungsf\u00e4hig. Alles in Allem halt ein richtiger [&hellip;]<\/p>\n","protected":false},"author":3,"featured_media":0,"parent":9,"menu_order":5,"comment_status":"closed","ping_status":"closed","template":"","meta":{"footnotes":""},"class_list":["post-28","page","type-page","status-publish","hentry"],"_links":{"self":[{"href":"https:\/\/www.atvomsolscheid.de\/wordpress\/wp-json\/wp\/v2\/pages\/28","targetHints":{"allow":["GET"]}}],"collection":[{"href":"https:\/\/www.atvomsolscheid.de\/wordpress\/wp-json\/wp\/v2\/pages"}],"about":[{"href":"https:\/\/www.atvomsolscheid.de\/wordpress\/wp-json\/wp\/v2\/types\/page"}],"author":[{"embeddable":true,"href":"https:\/\/www.atvomsolscheid.de\/wordpress\/wp-json\/wp\/v2\/users\/3"}],"replies":[{"embeddable":true,"href":"https:\/\/www.atvomsolscheid.de\/wordpress\/wp-json\/wp\/v2\/comments?post=28"}],"version-history":[{"count":0,"href":"https:\/\/www.atvomsolscheid.de\/wordpress\/wp-json\/wp\/v2\/pages\/28\/revisions"}],"up":[{"embeddable":true,"href":"https:\/\/www.atvomsolscheid.de\/wordpress\/wp-json\/wp\/v2\/pages\/9"}],"wp:attachment":[{"href":"https:\/\/www.atvomsolscheid.de\/wordpress\/wp-json\/wp\/v2\/media?parent=28"}],"curies":[{"name":"wp","href":"https:\/\/api.w.org\/{rel}","templated":true}]}}