{"id":29,"date":"2007-12-17T11:22:18","date_gmt":"2007-12-17T10:22:18","guid":{"rendered":"http:\/\/www.atvomsolscheid.de\/wordpress\/?page_id=29"},"modified":"2011-10-02T22:01:30","modified_gmt":"2011-10-02T21:01:30","slug":"kara-vom-solscheid","status":"publish","type":"page","link":"https:\/\/www.atvomsolscheid.de\/wordpress\/zuchthundinnen\/kara-vom-solscheid\/","title":{"rendered":"Kara vom Solscheid"},"content":{"rendered":"<br \/>\n<table border=\"0\" style=\"text-align: left; margin-left: auto; margin-right: auto\">\n<tr>\n<td style=\"text-align: center\"><img loading=\"lazy\" decoding=\"async\" src=\"https:\/\/www.atvomsolscheid.de\/wordpress\/grafiken\/sb_kara.jpg\" height=\"324\" width=\"466\" \/><\/td>\n<\/tr>\n<\/table>\n<p>&#8222;Kara vom Solscheid&#8220; *27.10.01 &#8211; + 30.9.11<\/p>\n<p style=\"text-align: justify\"><font size=\"2\">Der N und der P-Wurf stammen von <strong>\u201c<a href=\"https:\/\/www.atvomsolscheid.de\/wordpress\/?page_id=29\"><font color=\"#000000\">Kara vom Solscheid<\/font><\/a>\u201c<\/strong> (HD A1, ZW 92, PRA-frei: Stand 09\/07). Sie hat die Ausbildungskennzeichen AD, VPG3, FH1,\u00a0VK2 und ist mit dem Formwert \u201cV\u201d beurteilt. Kara\u00a0war eine sehr freundliche, verspielte H\u00fcndin mit viel Temperament, einem enormen Sprungverm\u00f6gen und ausgepr\u00e4gtem Beutetrieb. Kara lebte bei Beate Stolz und wurde von ihr sowohl im Turnierhundesport, als auch im Bereich VPG ausgebildet und gef\u00fchrt.\u00a0<font face=\"Verdana\">\u00a0Sie musste\u00a0aufgrund eines b\u00f6sartigen Milztumors mit knapp 10 Jahren\u00a0eingeschl\u00e4fert werden.\u00a0<\/font><\/font><\/p>\n<p style=\"text-align: center\"><img loading=\"lazy\" decoding=\"async\" border=\"1\" src=\"https:\/\/www.atvomsolscheid.de\/wordpress\/grafiken\/kara.jpg\" title=\"Zuchth\u00fcndin Kara vom Solscheid\" height=\"207\" width=\"150\" \/><\/p>\n","protected":false},"excerpt":{"rendered":"<p> \t&#8222;Kara vom Solscheid&#8220; *27.10.01 &#8211; + 30.9.11 Der N und der P-Wurf stammen von \u201cKara vom Solscheid\u201c (HD A1, ZW 92, PRA-frei: Stand 09\/07). Sie hat die Ausbildungskennzeichen AD, VPG3, FH1,\u00a0VK2 und ist mit dem Formwert \u201cV\u201d beurteilt. Kara\u00a0war eine sehr freundliche, verspielte H\u00fcndin mit viel Temperament, einem enormen Sprungverm\u00f6gen und ausgepr\u00e4gtem Beutetrieb. Kara lebte [&hellip;]<\/p>\n","protected":false},"author":3,"featured_media":0,"parent":9,"menu_order":7,"comment_status":"closed","ping_status":"closed","template":"","meta":{"footnotes":""},"class_list":["post-29","page","type-page","status-publish","hentry"],"_links":{"self":[{"href":"https:\/\/www.atvomsolscheid.de\/wordpress\/wp-json\/wp\/v2\/pages\/29","targetHints":{"allow":["GET"]}}],"collection":[{"href":"https:\/\/www.atvomsolscheid.de\/wordpress\/wp-json\/wp\/v2\/pages"}],"about":[{"href":"https:\/\/www.atvomsolscheid.de\/wordpress\/wp-json\/wp\/v2\/types\/page"}],"author":[{"embeddable":true,"href":"https:\/\/www.atvomsolscheid.de\/wordpress\/wp-json\/wp\/v2\/users\/3"}],"replies":[{"embeddable":true,"href":"https:\/\/www.atvomsolscheid.de\/wordpress\/wp-json\/wp\/v2\/comments?post=29"}],"version-history":[{"count":0,"href":"https:\/\/www.atvomsolscheid.de\/wordpress\/wp-json\/wp\/v2\/pages\/29\/revisions"}],"up":[{"embeddable":true,"href":"https:\/\/www.atvomsolscheid.de\/wordpress\/wp-json\/wp\/v2\/pages\/9"}],"wp:attachment":[{"href":"https:\/\/www.atvomsolscheid.de\/wordpress\/wp-json\/wp\/v2\/media?parent=29"}],"curies":[{"name":"wp","href":"https:\/\/api.w.org\/{rel}","templated":true}]}}