{"id":394,"date":"2012-08-19T19:43:10","date_gmt":"2012-08-19T18:43:10","guid":{"rendered":"http:\/\/www.atvomsolscheid.de\/wordpress\/?page_id=394"},"modified":"2020-11-22T12:17:08","modified_gmt":"2020-11-22T11:17:08","slug":"toffee-vom-solscheid","status":"publish","type":"page","link":"https:\/\/www.atvomsolscheid.de\/wordpress\/zuchthundinnen\/toffee-vom-solscheid\/","title":{"rendered":"Toffee vom Solscheid"},"content":{"rendered":"<br \/>\n<table style=\"text-align: left; margin-left: auto; margin-right: auto;\" border=\"0\">\n<tbody>\n<tr>\n<td style=\"text-align: center;\"><img loading=\"lazy\" decoding=\"async\" src=\"https:\/\/www.atvomsolscheid.de\/wordpress\/grafiken\/sb_toffee.jpg\" alt=\"\" width=\"465\" height=\"324\" \/><\/td>\n<\/tr>\n<\/tbody>\n<\/table>\n<p>&#8222;Toffee&#8220; *23.6.11<\/p>\n<p><span style=\"font-size: small;\"><span style=\"font-family: Verdana;\">Unser V und der W-Wurf stammt von<strong> Toffee<\/strong><\/span><\/span> <span style=\"font-family: Verdana; font-size: small;\"><span style=\"font-family: Verdana; font-size: small;\">,unserer aktuell in der Zucht stehenden H\u00fcndin. Sie ist eine ausgeglichene, lebhafte H\u00fcndin, die alle n\u00f6tigen Pflichtuntersuchungen bzw. Pflichtveranstaltungen f\u00fcr die Zuchtzulassung mit einer stoischen Gelassenheit hingenommen hat. Was von ihr erwartet wird, das macht sie auch!\u00a0 Egal ob es bei der Ausbildung auf dem Hundeplatz ist, im Alltag mit Kleinkindern bleibt sie stets gelassen oder als Lehrhund f\u00fcr Trimmseminare auf dem Trimmtisch! Toffee macht alles mit!\u00a0 Sie hat ein korrektes Scherengebiss, ist vollzahnig und So ist sie &#8211; was von ihr erwartet wird, das macht sie auch! Sie hat ein korrektes Scherengebiss, ist vollzahnig und wurde bei den obligatorischen R\u00f6ntgenuntersuchungen der H\u00fcften und Ellbogen mit HD A1 und ED 0 bewertet und hat einen aktuellen HD Zuchtwert von 91, ED Zuchtwert von 101. Sie ist frei von allen genetischen Augenerkrankungen. Die H\u00fcndin steht in meinem Besitz, lebt jedoch bei Beate Stolz, die gern eine H\u00fcndin neben ihrem Rando hat. Sie hat die Ausbildungskennzeichen AD und BH, die F\u00e4hrtenpr\u00fcfung 3 und drei Schutzdienstpr\u00fcfungen 1-3 . <\/span>Sie ist eine ausgesprochen offene und freundliche H\u00fcndin mit viel Temperament. Bei der F\u00e4hrtenarbeitet zeigt sie sich sehr talentiert &#8211; im Schutzdienst <span style=\"font-size: small;\">zeigt sie gute Eins\u00e4tze. Auch mit 9 Jahren zeichnet sie sich im Turnierhundesport durch ihre Zuverl\u00e4ssigkeit im Hindernisparcour aus. <span style=\"font-size: small;\"><span style=\"font-size: small;\"><span style=\"font-size: small;\">Die Ausdauerpr\u00fcfung hat sie bestanden.<br \/>\n<\/span><\/span><\/span><\/span><\/span><\/p>\n<p style=\"text-align: center;\"><img loading=\"lazy\" decoding=\"async\" title=\"Zuchth\u00fcndin Toffee vom Solscheid\" src=\"https:\/\/www.atvomsolscheid.de\/wordpress\/grafiken\/toffee_1.JPG\" alt=\"\" width=\"400\" height=\"300\" border=\"1\" \/><\/p>\n<p style=\"text-align: center;\"><img loading=\"lazy\" decoding=\"async\" title=\"Zuchth\u00fcndin Toffee vom Solscheid\" src=\"https:\/\/www.atvomsolscheid.de\/wordpress\/grafiken\/Toffee_002.jpg\" alt=\"\" width=\"400\" height=\"300\" border=\"1\" \/><\/p>\n","protected":false},"excerpt":{"rendered":"<p> \t&#8222;Toffee&#8220; *23.6.11 Unser V und der W-Wurf stammt von Toffee ,unserer aktuell in der Zucht stehenden H\u00fcndin. Sie ist eine ausgeglichene, lebhafte H\u00fcndin, die alle n\u00f6tigen Pflichtuntersuchungen bzw. Pflichtveranstaltungen f\u00fcr die Zuchtzulassung mit einer stoischen Gelassenheit hingenommen hat. Was von ihr erwartet wird, das macht sie auch!\u00a0 Egal ob es bei der Ausbildung auf dem [&hellip;]<\/p>\n","protected":false},"author":1,"featured_media":0,"parent":9,"menu_order":40,"comment_status":"open","ping_status":"closed","template":"","meta":{"footnotes":""},"class_list":["post-394","page","type-page","status-publish","hentry"],"_links":{"self":[{"href":"https:\/\/www.atvomsolscheid.de\/wordpress\/wp-json\/wp\/v2\/pages\/394","targetHints":{"allow":["GET"]}}],"collection":[{"href":"https:\/\/www.atvomsolscheid.de\/wordpress\/wp-json\/wp\/v2\/pages"}],"about":[{"href":"https:\/\/www.atvomsolscheid.de\/wordpress\/wp-json\/wp\/v2\/types\/page"}],"author":[{"embeddable":true,"href":"https:\/\/www.atvomsolscheid.de\/wordpress\/wp-json\/wp\/v2\/users\/1"}],"replies":[{"embeddable":true,"href":"https:\/\/www.atvomsolscheid.de\/wordpress\/wp-json\/wp\/v2\/comments?post=394"}],"version-history":[{"count":10,"href":"https:\/\/www.atvomsolscheid.de\/wordpress\/wp-json\/wp\/v2\/pages\/394\/revisions"}],"predecessor-version":[{"id":1845,"href":"https:\/\/www.atvomsolscheid.de\/wordpress\/wp-json\/wp\/v2\/pages\/394\/revisions\/1845"}],"up":[{"embeddable":true,"href":"https:\/\/www.atvomsolscheid.de\/wordpress\/wp-json\/wp\/v2\/pages\/9"}],"wp:attachment":[{"href":"https:\/\/www.atvomsolscheid.de\/wordpress\/wp-json\/wp\/v2\/media?parent=394"}],"curies":[{"name":"wp","href":"https:\/\/api.w.org\/{rel}","templated":true}]}}