{"id":556,"date":"2014-11-03T14:20:26","date_gmt":"2014-11-03T13:20:26","guid":{"rendered":"http:\/\/www.atvomsolscheid.de\/wordpress\/?page_id=556"},"modified":"2015-04-07T10:58:04","modified_gmt":"2015-04-07T09:58:04","slug":"presse","status":"publish","type":"page","link":"https:\/\/www.atvomsolscheid.de\/wordpress\/presse\/","title":{"rendered":"Presse"},"content":{"rendered":"<br \/>\n<h3>Tom Takoda vom Solscheid genannt Kalle<\/h3>\n<p><em>16.03.2015, S\u00fcddeutsche Zeitung<\/em><br \/>\n<a href=\"https:\/\/www.atvomsolscheid.de\/wordpress\/wp-content\/uploads\/2015\/04\/WP_20150316_001.jpg\" title=\"WP_20150316_001.jpg\" target=\"_blank\">\u00bb Artikel als JPG herunterladen<\/a><\/p>\n<hr \/>\n<h3>Timo und Pepe<\/h3>\n<p><em>Sozialcourage 3-2014, Caritasverband Rhein-Sieg<\/em><br \/>\n<a href=\"https:\/\/www.atvomsolscheid.de\/wordpress\/wp-content\/uploads\/2014\/11\/pm_2014_caritas_sozialcourage.pdf\" title=\"pm_2014_caritas_sozialcourage.pdf\" target=\"_blank\">\u00bb Artikel als PDF herunterladen<\/a><\/p>\n<hr \/>\n<h3>Quadrophenia holt 92 Punkte<\/h3>\n<p><em>01.09.2014, Echo Online<\/em><br \/>\n<a href=\"https:\/\/www.echo-online.de\/region\/darmstadt\/Quadrophenia-holt-92-Punkte;art1231,5387581\" target=\"_blank\">\u00bb Artikel online lesen<\/a><\/p>\n<hr \/>\n<h3>Deutsche Meisterschaft f\u00fcr Gebrauchshunde in G\u00f6ttingen<\/h3>\n<p><em>03.08.2014, G\u00f6ttinger Tageblatt<\/em><br \/>\n<a href=\"https:\/\/www.atvomsolscheid.de\/wordpress\/wp-content\/uploads\/2014\/11\/pm_2014_goettinger_tageblatt.pdf\" title=\"pm_2014_goettinger_tageblatt.pdf\" target=\"_blank\">\u00bb Artikel als PDF herunterladen<\/a><\/p>\n","protected":false},"excerpt":{"rendered":"<p> \tTom Takoda vom Solscheid genannt Kalle 16.03.2015, S\u00fcddeutsche Zeitung \u00bb Artikel als JPG herunterladen Timo und Pepe Sozialcourage 3-2014, Caritasverband Rhein-Sieg \u00bb Artikel als PDF herunterladen Quadrophenia holt 92 Punkte 01.09.2014, Echo Online \u00bb Artikel online lesen Deutsche Meisterschaft f\u00fcr Gebrauchshunde in G\u00f6ttingen 03.08.2014, G\u00f6ttinger Tageblatt \u00bb Artikel als PDF herunterladen<\/p>\n","protected":false},"author":1,"featured_media":0,"parent":0,"menu_order":0,"comment_status":"closed","ping_status":"closed","template":"","meta":{"footnotes":""},"class_list":["post-556","page","type-page","status-publish","hentry"],"_links":{"self":[{"href":"https:\/\/www.atvomsolscheid.de\/wordpress\/wp-json\/wp\/v2\/pages\/556","targetHints":{"allow":["GET"]}}],"collection":[{"href":"https:\/\/www.atvomsolscheid.de\/wordpress\/wp-json\/wp\/v2\/pages"}],"about":[{"href":"https:\/\/www.atvomsolscheid.de\/wordpress\/wp-json\/wp\/v2\/types\/page"}],"author":[{"embeddable":true,"href":"https:\/\/www.atvomsolscheid.de\/wordpress\/wp-json\/wp\/v2\/users\/1"}],"replies":[{"embeddable":true,"href":"https:\/\/www.atvomsolscheid.de\/wordpress\/wp-json\/wp\/v2\/comments?post=556"}],"version-history":[{"count":0,"href":"https:\/\/www.atvomsolscheid.de\/wordpress\/wp-json\/wp\/v2\/pages\/556\/revisions"}],"wp:attachment":[{"href":"https:\/\/www.atvomsolscheid.de\/wordpress\/wp-json\/wp\/v2\/media?parent=556"}],"curies":[{"name":"wp","href":"https:\/\/api.w.org\/{rel}","templated":true}]}}