{"id":71,"date":"2008-04-11T19:25:53","date_gmt":"2008-04-11T18:25:53","guid":{"rendered":"http:\/\/www.atvomsolscheid.de\/wordpress\/?page_id=71"},"modified":"2017-12-04T14:30:00","modified_gmt":"2017-12-04T13:30:00","slug":"queen-lilly","status":"publish","type":"page","link":"https:\/\/www.atvomsolscheid.de\/wordpress\/zuchthundinnen\/queen-lilly\/","title":{"rendered":"Queen-Lilly vom Solscheid"},"content":{"rendered":"<br \/>\n<table style=\"text-align: left; margin-left: auto; margin-right: auto;\" border=\"0\">\n<tbody>\n<tr>\n<td style=\"text-align: center;\"><img loading=\"lazy\" decoding=\"async\" src=\"https:\/\/www.atvomsolscheid.de\/wordpress\/grafiken\/sb_lilly.jpg\" width=\"465\" height=\"324\" \/><\/td>\n<\/tr>\n<\/tbody>\n<\/table>\n<p>&#8222;Queen-Lilly&#8220; *03.02.2007\u00a0\u00a0 +01.12.2017<\/p>\n<p style=\"text-align: justify;\"><a href=\"https:\/\/www.atvomsolscheid.de\/wordpress\/?page_id=71\"><strong><span style=\"color: #000000; font-size: small;\">Queen-Lilly vom Solscheid<\/span><\/strong><\/a><span style=\"font-size: small;\"> (HD A1, ED 1\/2, ZW 82, PRA frei: Stand 06\/08) \u2013 bei uns nur \u201eLilly\u201c gerufen \u2013 lebt mit Rachel gemeinsam bei uns im Haus. Bis jetzt zeigt sie sich in der Ausbildung von ihrer besten Seite \u2013 ausgeglichen, arbeitswillig, triebig in allen Bereichen und dabei sehr f\u00fchrig. Sie hat die Ausbildungskennzeichen BH, VPG3, IPO3, FH2 und IPO FH. <\/span><span style=\"font-size: small;\"><span style=\"font-family: Verdana; font-size: small;\">Sie wurde Landesmeister Nordrhein VPG\u00a0(KfT)\u00a0<strong>2010<\/strong> und hat sich somit f\u00fcr die KLSP qualifiziert,\u00a0bei der\u00a0Klubf\u00e4hrtenhundsiegerpr\u00fcfung 2010 erreichte sie\u00a0den 12. Platz!<strong> 2011<\/strong> hat sie sich sowohl\u00a0f\u00fcr die KLSP als auch f\u00fcr die KFSP\u00a0qualifiziert und erreichte dort den 5. Platz(KFSP).<strong>2012<\/strong> erreichte sie bei der KLSP den 6. Platz und bei der Klubf\u00e4hrtenhundsiegerpr\u00fcfung den 12. Platz. Aufgrund der Einzelergebnisse wurde sie<em> Universalsieger <\/em>2012! <strong>2013<\/strong>: 27.Platz bei der VDH DM IPO mit einem &#8222;sehr guten&#8220; Gesamtergebnis!Bei der KLSP und auch bei der KFSP erreichte sie jeweils Platz 7 und wurde zum zweiten Mal <em>Universalsieger<\/em> 2013!<strong> 2014: <\/strong>23. Platz bei der VDH DM IPO und bester Airedale Terrier dieser Veranstaltung, Platz 5 bei der KLSP und platz 4 bei der KFSP au\u00dferdem zum dritten Mal in Folge <em>Universalsieger 2014<\/em>!!<strong>2015 <\/strong>Platz 6 bei der KLSP und <em>Klubf\u00e4hrtenhundsieger 2015<\/em>! <strong>2016 <\/strong>Platz 15 bei der VDH DM IPO FH! <strong>2017 <\/strong>Erneute Teilnahme an der VDH DM FH! Eine tolle H\u00fcndin &#8211; die nun mit 10 Jahren in den wohlverdienten Ruhestand geht! <\/span>Mir macht die Ausbildung mit ihr sehr viel Freude, egal ob im Schutzdienst, bei der Unterordnung oder besonders in der F\u00e4hrte! Lilly ist mittelgro\u00df und verf\u00fcgt \u00fcber ein eng anliegendes, sehr drahtiges Haarkleid mit intensiven, satten Farben. Aufgrund des Ergebnisses einer damals freiwillig durchgef\u00fchrten Untersuchung der Ellbogen werde ich diese H\u00fcndin jedoch leider nicht in der Zucht einsetzen. Mit knapp 11 Jahren starb sie an den Folgen einer Anaplasmose &#8211; f\u00fcr uns viel zu fr\u00fch!!!<br \/>\n<\/span><\/p>\n<p style=\"text-align: center;\"><img loading=\"lazy\" decoding=\"async\" title=\"Zuchth\u00fcndin Queen-Lilly\" src=\"https:\/\/www.atvomsolscheid.de\/wordpress\/grafiken\/lilly.jpg\" width=\"400\" height=\"300\" border=\"1\" \/><\/p>\n<p style=\"text-align: center;\"><img loading=\"lazy\" decoding=\"async\" title=\"Zuchth\u00fcndin Queen-Lilly\" src=\"https:\/\/www.atvomsolscheid.de\/wordpress\/grafiken\/lilly2.jpg\" width=\"400\" height=\"300\" border=\"1\" \/><\/p>\n","protected":false},"excerpt":{"rendered":"<p> \t&#8222;Queen-Lilly&#8220; *03.02.2007\u00a0\u00a0 +01.12.2017 Queen-Lilly vom Solscheid (HD A1, ED 1\/2, ZW 82, PRA frei: Stand 06\/08) \u2013 bei uns nur \u201eLilly\u201c gerufen \u2013 lebt mit Rachel gemeinsam bei uns im Haus. Bis jetzt zeigt sie sich in der Ausbildung von ihrer besten Seite \u2013 ausgeglichen, arbeitswillig, triebig in allen Bereichen und dabei sehr f\u00fchrig. Sie [&hellip;]<\/p>\n","protected":false},"author":1,"featured_media":0,"parent":9,"menu_order":10,"comment_status":"closed","ping_status":"closed","template":"","meta":{"footnotes":""},"class_list":["post-71","page","type-page","status-publish","hentry"],"_links":{"self":[{"href":"https:\/\/www.atvomsolscheid.de\/wordpress\/wp-json\/wp\/v2\/pages\/71","targetHints":{"allow":["GET"]}}],"collection":[{"href":"https:\/\/www.atvomsolscheid.de\/wordpress\/wp-json\/wp\/v2\/pages"}],"about":[{"href":"https:\/\/www.atvomsolscheid.de\/wordpress\/wp-json\/wp\/v2\/types\/page"}],"author":[{"embeddable":true,"href":"https:\/\/www.atvomsolscheid.de\/wordpress\/wp-json\/wp\/v2\/users\/1"}],"replies":[{"embeddable":true,"href":"https:\/\/www.atvomsolscheid.de\/wordpress\/wp-json\/wp\/v2\/comments?post=71"}],"version-history":[{"count":5,"href":"https:\/\/www.atvomsolscheid.de\/wordpress\/wp-json\/wp\/v2\/pages\/71\/revisions"}],"predecessor-version":[{"id":1189,"href":"https:\/\/www.atvomsolscheid.de\/wordpress\/wp-json\/wp\/v2\/pages\/71\/revisions\/1189"}],"up":[{"embeddable":true,"href":"https:\/\/www.atvomsolscheid.de\/wordpress\/wp-json\/wp\/v2\/pages\/9"}],"wp:attachment":[{"href":"https:\/\/www.atvomsolscheid.de\/wordpress\/wp-json\/wp\/v2\/media?parent=71"}],"curies":[{"name":"wp","href":"https:\/\/api.w.org\/{rel}","templated":true}]}}