{"id":9,"date":"2007-12-03T19:46:24","date_gmt":"2007-12-03T18:46:24","guid":{"rendered":"http:\/\/www.atvomsolscheid.de\/wordpress\/?page_id=9"},"modified":"2025-12-18T09:25:26","modified_gmt":"2025-12-18T08:25:26","slug":"zuchthundinnen","status":"publish","type":"page","link":"https:\/\/www.atvomsolscheid.de\/wordpress\/zuchthundinnen\/","title":{"rendered":"H\u00fcndinnen"},"content":{"rendered":"<p> \t<img loading=\"lazy\" decoding=\"async\" src=\"\/_airedale\/images\/stories\/animiert_hunde.gif\" alt=\"\" width=\"425\" height=\"199\" border=\"1\" \/><\/p>\n<p>Seit 1992 wurden in meiner Zucht &#8211; bis heute &#8211; elf verschiedene H\u00fcndinnen in der Zucht eingesetzt. Zur Ansicht der Ahnentafel: &#8222;<strong>Hundename<\/strong>&#8220; im Text anklicken oder links in der Navigation ausw\u00e4hlen.<\/p>\n<p>Der A, B, D und der E-Wurf stammen von meiner zugekauften H\u00fcndin &#8222;<a href=\"https:\/\/www.atvomsolscheid.de\/wordpress\/?page_id=24\"><strong>Imke vom Schlo\u00df Corvey<\/strong><\/a>&#8222;(HD A2, ZW 100), die somit auch Stammmutter aller Solscheider Hunde ist. Mit 14 1\/2 Jahren starb sie im August 2004. Sie hatte die Ausbildungskennzeichen AD, VPG 3 und FH 1 und zeichnete sich durch ein sehr freundliches und &#8222;lustiges&#8220; Wesen aus.<\/p>\n<p>Der C und der H-Wurf stammen von der von mir gezogenen und im Besitz von Fr.Dr.Stolz stehenden H\u00fcndin &#8222;<a href=\"https:\/\/www.atvomsolscheid.de\/wordpress\/?page_id=25\"><strong>Ascha vom Solscheid<\/strong><\/a>&#8220; (HD A1, ZW 85) gen. &#8222;Momo&#8220;. Sie hatte die Ausbildungskennzeichen AD, VPG 3, IPO 3 und besa\u00df die K\u00f6rklasse 1b. Momo hatte an mehreren Landesausscheidungspr\u00fcfungen (DVG und KfT), sowie mehrmals an der KLSP KfT teilgenommen. Momo zeichnete sich durch ihre &#8222;hervorragende Mutveranlagung&#8220; (Zit. <a href=\"https:\/\/www.atvomsolscheid.de\/wordpress\/?page_id=38\"><strong>K\u00f6rbericht<\/strong><\/a>) aus. Mit 14 1\/2 Jahren starb sie im Februar 2007.<\/p>\n<p>Der F,G,K und der L-Wurf stammen von &#8222;<a href=\"https:\/\/www.atvomsolscheid.de\/wordpress\/?page_id=26\"><strong>Clairchen vom Solscheid<\/strong><\/a>&#8220; (HD A1, ZW 93) ab. Sie hatte die Ausbildungskennzeichen AD, VPG 3, FH 1+2, IPO FH und besa\u00df die K\u00f6rklasse 1a. Auf Ausstellungen wurde diese H\u00fcndin mehrmals mit dem Formwert &#8222;V&#8220; beurteilt. Clairchen hat an mehreren Ausscheidungspr\u00fcfungen auf Kreis &#8211; und Landesebene (DVG + KfT) &#8211; sowohl VPG als auch FH &#8211; sowie zweimal an der Klubf\u00e4hrtenhundsiegerpr\u00fcfung erfolgreich teilgenommen. Clairchen zeichnete sich durch ihr durchaus souver\u00e4nes Wesen aus &#8211; laut <a href=\"https:\/\/www.atvomsolscheid.de\/wordpress\/?page_id=37\"><strong>K\u00f6rbericht<\/strong><\/a> &#8222;eine temperamentvolle H\u00fcndin mit ruhigem, sicheren Wesen&#8220;. Im Februar 2003 hat Clairchen ein letztes Mal Welpen zur Welt gebracht. Nach der KFSP 2005 haben wir beschlossen, dass Clairchen &#8211; damals 11 Jahre alt &#8211; sich ins Rentendasein zur\u00fcckzieht und schwerpunktm\u00e4\u00dfig m\u00e4usebuddeln darf!! Sie hatte eine erstaunliche Erfolgsbilanz aufzuweisen! <a href=\"\/_airedale\/index.php?option=content&amp;task=view&amp;id=6&amp;Itemid=30\"><strong>(siehe dort!)<\/strong><\/a>\u00a0Sie wurde mehr als 13 1\/2\u00a0Jahre alt und starb im Juni 2008.<\/p>\n<p>Der I-Wurf stammt von &#8222;<a href=\"https:\/\/www.atvomsolscheid.de\/wordpress\/?page_id=27\"><strong>Fenja vom Solscheid<\/strong><\/a>&#8220; (HD A1, ZW 98) ab. Diese H\u00fcndin lebte bei meiner Freundin Eva Meier. Fenja hatte die BH und AD Pr\u00fcfung abgelegt und wurde von Pia, der Tochter von Eva Meier, im Bereich des Turnierhundsportes gef\u00fchrt. Fenja war eine temperamentvolle, verspielte und sehr menschenfreundliche H\u00fcndin, die im Haus den Posten des Wachhundes \u00fcbernommen hatte, als Reitbegleithund an Pias Seite war und somit der ideale Familienhund war. Sie wurde Opfer eines hinterh\u00e4ltig ausgelegten Giftk\u00f6ders und starb &#8211; viel zu fr\u00fch &#8211; mit knapp 8 Jahren!<\/p>\n<p>Der J-Wurf stammt von &#8222;<a href=\"https:\/\/www.atvomsolscheid.de\/wordpress\/?page_id=28\"><strong>Hummel vom Solscheid<\/strong><\/a>&#8220; (HD A1, ZW 97, PRA-frei: Stand 09\/07 d.h. lebenslang) gen. &#8222;Kimba&#8220;,deren Besitzerin Sabine Ladeburg ist.Sie hat die Ausbildungskennzeichen AD und VPG 3. Sie war sehr triebig und temperamentvoll und\u00a0extrem anpassungsf\u00e4hig. Alles in Allem halt ein richtiger Airedale-Terrier, der sich als &#8222;Allroundhund&#8220; bew\u00e4hrte! Sie starb mit knapp 14,5 Jahren im August 2013!<\/p>\n<p>Der M und der O-Wurf stammen von &#8222;<a href=\"https:\/\/www.atvomsolscheid.de\/wordpress\/?page_id=10\"><strong>Jule vom Solscheid<\/strong><\/a>&#8220; (HD A1, ZW 97, PRA-frei:Stand 05\/07).\u00a0 Jule hat die Ausbildungskennzeichen AD, VPG 3, FH1 und besitzt die K\u00f6rklasse 1 a (siehe <a href=\"https:\/\/www.atvomsolscheid.de\/wordpress\/?page_id=31\"><strong>K\u00f6rbericht<\/strong><\/a>). Sie wurde einige Male erfolgreich ausgestellt, mit dem Formwert &#8222;V&#8220; beurteilt, und konnte auch schon Anwartschaften f\u00fcr das Jugend CAC und CAC in der Gebrauchshundklasse erringen. Bei der Ausbildung zeigte sie sich sehr arbeitseifrig, triebig und willig, so wie man es sich f\u00fcr einen Hund w\u00fcnscht, der im Bereich VPG bzw. FH ausgebildet wird.\u00a0Seit Juli 2008\u00a0hatte sie eine neue Aufgabe &#8211; sie lebte bei Frau Helzel, einer \u00e4lteren\u00a0Dame, die einen\u00a0Solscheider hatte, der verstarb &#8211;\u00a0und\u00a0 hatte\u00a0 dort die Rolle eines Begleithundes in allen Lebenslagen \u00fcbernommen! Mit 15 Jahren starb sie im Mai 2016 an den Folgen eines Schlaganfalles!<\/p>\n<p>Der N und der P-Wurf stammen von &#8222;<a href=\"https:\/\/www.atvomsolscheid.de\/wordpress\/?page_id=29\"><strong>Kara vom Solscheid<\/strong><\/a>&#8220; (HD A1, ZW 92, PRA-frei:Stand 09\/07). Sie hat die Ausbildungskennzeichen AD,VPG3, VK2 und ist mit dem Formwert &#8222;V&#8220; beurteilt. Kara\u00a0war eine sehr freundliche, verspielte H\u00fcndin mit viel Temperament, einem enormen Sprungverm\u00f6gen und ausgepr\u00e4gtem Beutetrieb. Kara\u00a0lebte\u00a0\u00a0bei Beate Stolz und wurde von ihr sowohl im Turnierhundsport, als auch im Bereich VPG ausgebildet und gef\u00fchrt.\u00a0Sie musste\u00a0aufgrund eines b\u00f6sartigen Milztumors mit knapp 10 Jahren\u00a0eingeschl\u00e4fert werden.<\/p>\n<p>Der Q, R\u00a0und der S-Wurf stammen von &#8222;<a href=\"https:\/\/www.atvomsolscheid.de\/wordpress\/?page_id=30\"><strong>Milka vom Solscheid<\/strong><\/a>&#8220; (HD A1, ED O\/1 (R\u00f6ntgendatum:3.12.08), ZW 79, PRA-frei:Stand06\/09)\u00a0und steht im Besitz von Eva Meier, wurde jedoch von mir im Bereich VPG ausgebildet und gef\u00fchrt.\u00a0Sie hat die Ausbildungskennzeichen AD ,VPG3\u00a0und besitzt\u00a0die K\u00f6rklasse 1b. Milka ist eine H\u00fcndin, die sich sehr f\u00fchrig zeigt und \u00fcber eine rasche Auffassungsgabe verf\u00fcgt. In der Schutzdienstarbeit ist sie sehr energisch und zielgerichtet. Bei der Klubleistungssiegerpr\u00fcfung des KfT\u00a0im Jahr 2008 erreichte sie mit 282 Punkten den 4.\u00a0Platz, 2010 mit 271 Punkten den 7. Platz!\u00a0Milka ist eine gro\u00dfrahmige, ausdrucksstarke H\u00fcndin mit festem, drahtigen Haarkleid und sch\u00f6nen Farben. Sie wurde mit dem Formwert \u201evorz\u00fcglich&#8220; bewertet. Im <a href=\"https:\/\/www.atvomsolscheid.de\/wordpress\/?page_id=114\"><strong>K\u00f6rbericht<\/strong><\/a> wird sie als temperamentvolle, arbeitsfreudige H\u00fcndin, die sich selbstsicher zeigt, beschrieben. Mit 13 Jahren und 4 Monaten musste sie im April 2017 wegen eines Schlaganfalls eingeschl\u00e4fert werden.<\/p>\n<p><a href=\"https:\/\/www.atvomsolscheid.de\/wordpress\/?page_id=71\"><strong>Queen-Lilly vom Solscheid<\/strong><\/a> ((HD A1, ED 1\/2 (R\u00f6ntgendatum 3.12.08),\u00a0ZW 82, PRA frei:Stand 06\/08)) \u2013 bei uns nur \u201eLilly\u201c gerufen \u2013 lebte mit Rachel gemeinsam bei uns im Haus. Sie zeigte sich in der Ausbildung von ihrer besten Seite \u2013 ausgeglichen, arbeitswillig, triebig in allen Bereichen und dabei sehr f\u00fchrig. Sie hat\u00a0die Ausbildungskennzeichen BH, VPG3, IPO3,FH2 und IPO FH!\u00a0Sie wurde Landesmeister Nordrhein VPG\u00a0(KfT)\u00a0<strong>2010<\/strong> und hat sich somit f\u00fcr die KLSP qualifiziert,\u00a0bei der\u00a0Klubf\u00e4hrtenhundsiegerpr\u00fcfung 2010 erreichte sie\u00a0den 12. Platz! <strong>2011<\/strong> hat sie sich sowohl\u00a0f\u00fcr die KLSP als auch f\u00fcr die KFSP\u00a0qualifiziert und erreichte dort den 5. Paltz(KFSP).\u00a0<strong>2012<\/strong> erreichte sie bei der KLSP den 6. Platz, bei der Klubf\u00e4hrtenhundsiegerpr\u00fcfung Platz 12. Aufgrund der Einzelergebnisse errang sie den Wanderpokel &#8222;Universalsieger 2012&#8220;! <strong>2013<\/strong>: 27.Platz bei der VDH DM IPO mit einem \u201csehr guten\u201d Gesamtergebnis!Bei der KLSP und auch bei der KFSP erreichte sie jeweils Platz 7 und wurde zum zweiten Mal Universalsieger! <strong>2014<\/strong>: 23.Platz bei der VDH DM IPO wieder mit einem sehr guten Gesamtergebnis und bester Airedale Terrier dieser Veranstaltung! Platz 5 bei der KLSP und Platz 4 bei der KFSP und zum dritten Mal in Folge Universalsieger!! <strong>2015<\/strong> Platz 6 bei der KLSP und Klubf\u00e4hrtenhundsieger 2015! <strong>2016<\/strong> Platz 15 bei der VDH DM IPO FH! <strong>2017<\/strong> Erneute Teilnahme an der VDH DM FH! Eine tolle H\u00fcndin \u2013 die dann mit 10 Jahren in den wohlverdienten Ruhestand ging! Eine Ausnahmeh\u00fcndin, wie sie es nicht h\u00e4ufig gibt! Mir machte die Ausbildung mit ihr sehr viel Freude, egal ob im Schutzdienst, bei der Unterordnung oder besonders in der F\u00e4hrte! Lilly war mittelgro\u00df und verf\u00fcgte \u00fcber ein eng anliegendes, sehr drahtiges Haarkleid mit intensiven, satten Farben. Aufgrund des Ergebnisses einer damals freiwillig durchgef\u00fchrten Untersuchung der Ellbogen wollte ich diese H\u00fcndin jedoch nicht in der Zucht einsetzen. Mit knapp 11 Jahren starb sie im Dezember 2017 an den Folgen einer Anaplasmose &#8211; f\u00fcr uns viel zu fr\u00fch&#8230;.<\/p>\n<p>Der T-und der U-Wurf stammen von <a href=\"https:\/\/www.atvomsolscheid.de\/wordpress\/?page_id=126\"><strong>Rachel\u00a0vom Solscheid<\/strong><\/a> ((HDA1, ED-O (R\u00f6ntgendatum 20.4.09), ZW\u00a0 HD 80,ED 96,\u00a0 PRA-frei: Stand 11\/12))\u00a0&#8211; Ricchi wurde sie stets von uns genannt.Sie hatte das Ausbildungskennzeichen IPO3!\u00a0 Sie zeigte gute Anlagen in allen Bereichen &#8211; guten Fress-und Beutetrieb und einen unerm\u00fcdlichen Spieltrieb.Au\u00dferdem war sie sehr wachsam und hatte einen ausgepr\u00e4gten Schutztrieb. Mit ihr brauchte man sich im Dunklen nicht zu f\u00fcrchten! Sie hatte die Ausbildungskennzeichen BH und IPO3! Ihre Lieblingsbesch\u00e4ftigung war &#8222;Frisbee&#8220; spielen, d.h.die Scheibe unerm\u00fcdlich zur\u00fcckzubringen, wenn Frauchen diese mehr oder minder gut fortwirft!! &#8222;Eine H\u00fcndin von\u00a0vorz\u00fcglicher Gesamterscheinung\u00a0&#8220; (Zitat:ZZP) konnte auch\u00a0bereits eine\u00a0Anwartschaft f\u00fcr ein Jgd. CAC erringen. Mit knapp 10 Jahren starb sie im Januar 2018 infolge eines tragischen Ungl\u00fccksfalles &#8211; viel zu fr\u00fch!<\/p>\n<p><a href=\"https:\/\/www.atvomsolscheid.de\/wordpress\/?page_id=394\"><strong>Toffee<\/strong><\/a> (HDA1; ED-0)- sie ist die Mutter unseres V- und der W-Wurfes! Sie ist eine ausgeglichene, lebhafte H\u00fcndin, die alle n\u00f6tigen Pflichtuntersuchungen bzw. Pflichtveranstaltungen f\u00fcr die Zuchtzulassung mit einer stoischen Gelassenheit hingenommen hat. So ist sie &#8211; was von ihr erwartet wird, das macht sie auch! Egal ob es bei der Ausbildung auf dem Hundeplatz ist, im Alltag mit Kleinkindern bleibt sie stets gelassen oder als Lehrhund f\u00fcr Trimmseminare auf dem Trimmtisch! Toffee macht alles mit!\u00a0 Sie hat ein korrektes Scherengebiss, ist vollzahnig und wurde bei den obligatorischen R\u00f6ntgenuntersuchungen der H\u00fcften und Ellbogen mit HD A1 und ED 0 bewertet und hat einen HD Zuchtwert von 91, ED 101. Sie ist frei von allen genetischen Augenerkrankungen. Die H\u00fcndin steht in meinem Besitz, lebt jedoch bei Beate Stolz, die\u00a0 gern eine H\u00fcndin neben ihrem Rando hat. Als Ausbildungskennzeichen hat sie\u00a0 die Ausdauerpr\u00fcfung und die Begleithundpr\u00fcfung, die F\u00e4hrtenpr\u00fcfung 3\u00a0 und Schutzdienstpr\u00fcfung Stufe 3\u00a0 bestanden! Sie ist eine ausgesprochen offene und freundliche H\u00fcndin mit viel Temperament. Bei der F\u00e4hrtenarbeitet zeigt sie sich sehr talentiert &#8211; Schutzdienst macht ihr stets viel Freude!<\/p>\n<p><a href=\"https:\/\/www.atvomsolscheid.de\/wordpress\/zuchthundinnen\/frau-holle-of-kings-aire\/\"><strong>Holly<\/strong><\/a> (HDA1; ED-0) von ihr stammt der X und der Y &#8211; Wurf. &#8211; Nachdem wir nach den pl\u00f6tzlichen Todesf\u00e4llen unserer beiden H\u00fcndinnen Queen &#8211; Lilly Dez.2017\u00a0 und Ricchi Jan. 2018 ein Jahr lang keinen Hund im Haus hatten &#8211; lediglich gelegentlich Toffee , damit wir nicht &#8222;hundevereinsamen&#8220;- entschied ich mich aus dem geplanten F-Wurf aus der Zucht &#8222;of King`s Aire&#8220; eine kleine H\u00fcndin zu uns zu nehmen. <strong>Frau Holle of King`s Aire <\/strong> ist im Februar 2019 bei uns eingezogen und ich habe es noch keine Sekunde bereut. <strong>Holly<\/strong>, wie sie genannt wird, ist eine Energieb\u00fcndel durch und durch mit sehr guten Veranlagungen f\u00fcr alle Bereiche des Gebrauchshundesports &#8211; sehr f\u00fchrig und arbeitswillig, hart im Nehmen, dazu ein stark ausgepr\u00e4gter Beutetrieb. Wegen ihres gr0\u00dfen Bewegungsdranges eignet sie sich auch f\u00fcr den Zughundesport &#8211; mit ihr habe ich das Dogskootern begonnen, was allen Beteiligten viel Spa\u00df macht! Parallel dazu zeigt sie im h\u00e4uslichen Bereich alle Eigenschaften, die von einem Familienhund erwartet werden. Meine vier Enkelkinder lieben sie.\u00a0 Wie man sieht, ist sie ein Allrounder durch und durch. Holly hat eine A1 H\u00fcfte und ED 0 &#8211; der aktuelle HD Zuchtwert betr\u00e4gt 85, der ED Zuchtwert 93 &#8211; ist frei von allen genetischen Augenerkrankungen &#8211;\u00a0 die H\u00fcndin ist vollzahnig bei korrektem Scherengebiss (dies auch schon im Welpengebiss) und erreichte bei\u00a0 Ausstellungen in der Jugendklasse ein V1 und erlangte eine Anwartschaft f\u00fcr das Jgd CAC, in der Zwischenklasse ein V2 und das Res.CAC. Bei der Zuchtzulassungspr\u00fcfung zeigte sie sich freundlich bei Mensch und Tier, war unbeeindruckt bei akustischen Reizen und zeigte sich sehr sicher. Mit 58 cm hat sie eine perfekte Gr\u00f6\u00dfe. Ihre beiden Wurf zog sie instinktsicher auf und war ihren Welpen eine sehr gute Mutter.\u00a0 Somit ist sie eine vielversprechende Nachwuchsh\u00fcndin in allen Bereichen, f\u00fcr die ich mich bei der Z\u00fcchterin Barbara Tebbe herzlich bedanke &#8211; es war eine gute Entscheidung von dort einen Welpen in den Solscheid zu holen! Mit 20 Monaten absolvierte sie die Begleithundepr\u00fcfung mit vorz\u00fcglichen Bewertungen in der Unterordnung. Die IGP1 Pr\u00fcfung wurde mit einem vorz\u00fcglichen Gesamtergebnis coronabedingt auf fremder Platzanlage gemacht , was f\u00fcr einen jungen Hund naturgem\u00e4\u00df immer etwas schwieriger ist &#8230; umso stolzer sind wir auf Holly! Mit knapp drei Jahren absolvierte sie eine \u00fcberzeugende IGP2 Pr\u00fcfung &#8230; ein hoch motivierter Arbeitshund , der bis heute drei IGP3 Pr\u00fcfungen ablegte mit vorz\u00fcglichem bzw. sehr gutem Gesamtergebnis! Mit knapp vier Jahren legte sie ihre erste FH1 Pr\u00fcfung mit einem vorz\u00fcglichen Ergebnis ab, mit knapp 7 Jahren die FH3 Pr\u00fcfung!<\/p>\n<p>&nbsp;<\/p>\n<p>An dieser Stelle m\u00f6chte ich Beate Stolz, Sabine Ladeburg und Eva Meier ein &#8222;Dankesch\u00f6n&#8220; aussprechen. Durch die Unterst\u00fctzung meiner Freundinnen kann ich meine Vorstellung vom Z\u00fcchten verwirklichen, dass eine H\u00fcndin nicht nur zur &#8222;Fortpflanzung&#8220; dient, sondern nach den W\u00fcrfen ein ganz normales Hundeleben in ihrer Familie f\u00fchren kann. Au\u00dferdem habe ich mir zur Auflage gemacht, nicht zu viele Hunde zu haben, da ich denke, man kann sonst nicht allen gerecht werden. Meine Hunde gehen jeden Tag intensiv spazieren und bekommen, glaube ich, die Zuwendung, die Ihnen zusteht. Dennoch m\u00f6chte ich in meiner kleinen Zucht auch einen Zuchtfortschritt erlangen und das geht nur mit mehreren H\u00fcndinnen und intensiver Selektion. All das ist mit Hilfe dieser drei Freundinnen m\u00f6glich. Danke!<\/p>\n","protected":false},"excerpt":{"rendered":"<p> \tSeit 1992 wurden in meiner Zucht &#8211; bis heute &#8211; elf verschiedene H\u00fcndinnen in der Zucht eingesetzt. Zur Ansicht der Ahnentafel: &#8222;Hundename&#8220; im Text anklicken oder links in der Navigation ausw\u00e4hlen. Der A, B, D und der E-Wurf stammen von meiner zugekauften H\u00fcndin &#8222;Imke vom Schlo\u00df Corvey&#8222;(HD A2, ZW 100), die somit auch Stammmutter aller [&hellip;]<\/p>\n","protected":false},"author":3,"featured_media":0,"parent":0,"menu_order":6,"comment_status":"closed","ping_status":"closed","template":"","meta":{"footnotes":""},"class_list":["post-9","page","type-page","status-publish","hentry"],"_links":{"self":[{"href":"https:\/\/www.atvomsolscheid.de\/wordpress\/wp-json\/wp\/v2\/pages\/9","targetHints":{"allow":["GET"]}}],"collection":[{"href":"https:\/\/www.atvomsolscheid.de\/wordpress\/wp-json\/wp\/v2\/pages"}],"about":[{"href":"https:\/\/www.atvomsolscheid.de\/wordpress\/wp-json\/wp\/v2\/types\/page"}],"author":[{"embeddable":true,"href":"https:\/\/www.atvomsolscheid.de\/wordpress\/wp-json\/wp\/v2\/users\/3"}],"replies":[{"embeddable":true,"href":"https:\/\/www.atvomsolscheid.de\/wordpress\/wp-json\/wp\/v2\/comments?post=9"}],"version-history":[{"count":50,"href":"https:\/\/www.atvomsolscheid.de\/wordpress\/wp-json\/wp\/v2\/pages\/9\/revisions"}],"predecessor-version":[{"id":2745,"href":"https:\/\/www.atvomsolscheid.de\/wordpress\/wp-json\/wp\/v2\/pages\/9\/revisions\/2745"}],"wp:attachment":[{"href":"https:\/\/www.atvomsolscheid.de\/wordpress\/wp-json\/wp\/v2\/media?parent=9"}],"curies":[{"name":"wp","href":"https:\/\/api.w.org\/{rel}","templated":true}]}}